{"id":6699,"date":"2025-05-07T14:44:17","date_gmt":"2025-05-07T14:44:17","guid":{"rendered":"https:\/\/loftfx.de\/?page_id=6699"},"modified":"2025-10-01T20:26:04","modified_gmt":"2025-10-01T20:26:04","slug":"produktkonfigurator","status":"publish","type":"page","link":"https:\/\/www.loftfx.de\/pl\/produktkonfigurator\/","title":{"rendered":"Produktkonfigurator"},"content":{"rendered":"\t\t<div data-elementor-type=\"wp-page\" data-elementor-id=\"6699\" class=\"elementor elementor-6699\" data-elementor-post-type=\"page\">\n\t\t\t\t<div class=\"elementor-element elementor-element-1ea1b31 e-con-full e-flex e-con e-parent\" data-id=\"1ea1b31\" data-element_type=\"container\" data-e-type=\"container\" data-settings=\"{&quot;enable_glow_container&quot;:&quot;no&quot;}\">\n\t\t\t\t<div class=\"elementor-element elementor-element-a21b47e elementor-widget elementor-widget-html\" data-id=\"a21b47e\" data-element_type=\"widget\" data-e-type=\"widget\" data-widget_type=\"html.default\">\n\t\t\t\t<div class=\"elementor-widget-container\">\n\t\t\t\t\t<script  type=\"module\" src=\"https:\/\/omniazarcommon.blob.core.windows.net\/scripts\/modular-releases\/daniel-dev\/procedural-configurator\/procedural-configurator.js\"><\/script>\n   <omniaz-procedural-configurator \/>\t\t\t\t<\/div>\n\t\t\t\t<\/div>\n\t\t\t\t<\/div>\n\t\t\t\t<\/div>\n\t\t","protected":false},"excerpt":{"rendered":"","protected":false},"author":2,"featured_media":0,"parent":0,"menu_order":0,"comment_status":"closed","ping_status":"closed","template":"","meta":{"footnotes":""},"class_list":["post-6699","page","type-page","status-publish","hentry"],"yoast_head":"<!-- This site is optimized with the Yoast SEO Premium plugin v27.0 (Yoast SEO v27.4) - https:\/\/yoast.com\/product\/yoast-seo-premium-wordpress\/ -->\n<title>Konfigurator produkt\u00f3w: planowanie drzwi loftowych online - LoftFX<\/title>\n<meta name=\"description\" content=\"Projektowanie drzwi loftowych online: wprowad\u017a wymiary, wybierz wersj\u0119, obejrzyj wizualizacj\u0119 i popro\u015b o ofert\u0119.\" \/>\n<meta name=\"robots\" content=\"index, follow, max-snippet:-1, max-image-preview:large, max-video-preview:-1\" \/>\n<link rel=\"canonical\" href=\"https:\/\/www.loftfx.de\/pl\/produktkonfigurator\/\" \/>\n<meta property=\"og:locale\" content=\"pl_PL\" \/>\n<meta property=\"og:type\" content=\"article\" \/>\n<meta property=\"og:title\" content=\"Produktkonfigurator\" \/>\n<meta property=\"og:description\" content=\"Projektowanie drzwi loftowych online: wprowad\u017a wymiary, wybierz wersj\u0119, obejrzyj wizualizacj\u0119 i popro\u015b o ofert\u0119.\" \/>\n<meta property=\"og:url\" content=\"https:\/\/www.loftfx.de\/pl\/produktkonfigurator\/\" \/>\n<meta property=\"og:site_name\" content=\"LoftFX\" \/>\n<meta property=\"article:publisher\" content=\"https:\/\/www.facebook.com\/p\/Loftfx-100063861227084\/\" \/>\n<meta property=\"article:modified_time\" content=\"2025-10-01T20:26:04+00:00\" \/>\n<meta name=\"twitter:card\" content=\"summary_large_image\" \/>\n<script type=\"application\/ld+json\" class=\"yoast-schema-graph\">{\"@context\":\"https:\\\/\\\/schema.org\",\"@graph\":[{\"@type\":\"WebPage\",\"@id\":\"https:\\\/\\\/www.loftfx.de\\\/pl\\\/produktkonfigurator\\\/\",\"url\":\"https:\\\/\\\/www.loftfx.de\\\/pl\\\/produktkonfigurator\\\/\",\"name\":\"Konfigurator produkt\u00f3w: planowanie drzwi loftowych online - LoftFX\",\"isPartOf\":{\"@id\":\"https:\\\/\\\/www.loftfx.de\\\/pl\\\/#website\"},\"datePublished\":\"2025-05-07T14:44:17+00:00\",\"dateModified\":\"2025-10-01T20:26:04+00:00\",\"description\":\"Projektowanie drzwi loftowych online: wprowad\u017a wymiary, wybierz wersj\u0119, obejrzyj wizualizacj\u0119 i popro\u015b o ofert\u0119.\",\"breadcrumb\":{\"@id\":\"https:\\\/\\\/www.loftfx.de\\\/pl\\\/produktkonfigurator\\\/#breadcrumb\"},\"inLanguage\":\"pl-PL\",\"potentialAction\":[{\"@type\":\"ReadAction\",\"target\":[\"https:\\\/\\\/www.loftfx.de\\\/pl\\\/produktkonfigurator\\\/\"]}]},{\"@type\":\"BreadcrumbList\",\"@id\":\"https:\\\/\\\/www.loftfx.de\\\/pl\\\/produktkonfigurator\\\/#breadcrumb\",\"itemListElement\":[{\"@type\":\"ListItem\",\"position\":1,\"name\":\"Startseite\",\"item\":\"https:\\\/\\\/www.loftfx.de\\\/pl\\\/\"},{\"@type\":\"ListItem\",\"position\":2,\"name\":\"Produktkonfigurator\"}]},{\"@type\":\"WebSite\",\"@id\":\"https:\\\/\\\/www.loftfx.de\\\/pl\\\/#website\",\"url\":\"https:\\\/\\\/www.loftfx.de\\\/pl\\\/\",\"name\":\"LoftFX\",\"description\":\"\",\"publisher\":{\"@id\":\"https:\\\/\\\/www.loftfx.de\\\/pl\\\/#organization\"},\"potentialAction\":[{\"@type\":\"SearchAction\",\"target\":{\"@type\":\"EntryPoint\",\"urlTemplate\":\"https:\\\/\\\/www.loftfx.de\\\/pl\\\/?s={search_term_string}\"},\"query-input\":{\"@type\":\"PropertyValueSpecification\",\"valueRequired\":true,\"valueName\":\"search_term_string\"}}],\"inLanguage\":\"pl-PL\"},{\"@type\":[\"Organization\",\"Place\"],\"@id\":\"https:\\\/\\\/www.loftfx.de\\\/pl\\\/#organization\",\"name\":\"LOFT FX GmbH\",\"alternateName\":\"LOFT FX GmbH\",\"url\":\"https:\\\/\\\/www.loftfx.de\\\/pl\\\/\",\"logo\":{\"@id\":\"https:\\\/\\\/www.loftfx.de\\\/pl\\\/produktkonfigurator\\\/#local-main-organization-logo\"},\"image\":{\"@id\":\"https:\\\/\\\/www.loftfx.de\\\/pl\\\/produktkonfigurator\\\/#local-main-organization-logo\"},\"sameAs\":[\"https:\\\/\\\/www.facebook.com\\\/p\\\/Loftfx-100063861227084\\\/\",\"https:\\\/\\\/www.instagram.com\\\/loftfx\\\/?hl=de\",\"https:\\\/\\\/de.pinterest.com\\\/mrloftfx\\\/\",\"https:\\\/\\\/www.youtube.com\\\/channel\\\/UCWMutfP4xUCvusbnaMsSB7g\"],\"description\":\"Loft FX GmbH ist Ihr Experte f\u00fcr exklusive Loftt\u00fcren, Glast\u00fcren und Raumteiler aus Stahl und Glas. Unsere Kollektion Prestige 2.0 vereint minimalistisches Design mit h\u00f6chster Funktionalit\u00e4t \u2013 gefertigt aus feinen Stahlrahmen und Sicherheitsglas. Jede Loftt\u00fcr wird individuell nach Ma\u00df entworfen und produziert \u2013 als Dreht\u00fcr, Schiebet\u00fcr oder Pivot-T\u00fcr. Ob im Wohnzimmer, B\u00fcro oder Loft \u2013 unsere ma\u00dfgefertigten Stahlt\u00fcren schaffen mehr Licht, Struktur und Raumgef\u00fchl. Mit pr\u00e4ziser Handwerkskunst und eleganter \u00c4sthetik steht Loft FX f\u00fcr zeitlose Qualit\u00e4t \u201eMade in Germany\u201c. Ihr Stil. Ihre Ma\u00dfe. Ihre LoftFX T\u00fcr\",\"legalName\":\"LOFT FX GmbH\",\"numberOfEmployees\":{\"@type\":\"QuantitativeValue\",\"minValue\":\"11\",\"maxValue\":\"50\"},\"telephone\":[],\"openingHoursSpecification\":[{\"@type\":\"OpeningHoursSpecification\",\"dayOfWeek\":[\"Monday\",\"Tuesday\",\"Wednesday\",\"Thursday\",\"Friday\",\"Saturday\",\"Sunday\"],\"opens\":\"09:00\",\"closes\":\"17:00\"}]},{\"@type\":\"ImageObject\",\"inLanguage\":\"pl-PL\",\"@id\":\"https:\\\/\\\/www.loftfx.de\\\/pl\\\/produktkonfigurator\\\/#local-main-organization-logo\",\"url\":\"https:\\\/\\\/www.loftfx.de\\\/wp-content\\\/uploads\\\/2025\\\/07\\\/cropped-LoftFX_Logotype_Black_RGB-1.png\",\"contentUrl\":\"https:\\\/\\\/www.loftfx.de\\\/wp-content\\\/uploads\\\/2025\\\/07\\\/cropped-LoftFX_Logotype_Black_RGB-1.png\",\"width\":1621,\"height\":656,\"caption\":\"LOFT FX GmbH\"}]}<\/script>\n<!-- \/ Yoast SEO Premium plugin. -->","yoast_head_json":{"title":"Konfigurator produkt\u00f3w: planowanie drzwi loftowych online - LoftFX","description":"Projektowanie drzwi loftowych online: wprowad\u017a wymiary, wybierz wersj\u0119, obejrzyj wizualizacj\u0119 i popro\u015b o ofert\u0119.","robots":{"index":"index","follow":"follow","max-snippet":"max-snippet:-1","max-image-preview":"max-image-preview:large","max-video-preview":"max-video-preview:-1"},"canonical":"https:\/\/www.loftfx.de\/pl\/produktkonfigurator\/","og_locale":"pl_PL","og_type":"article","og_title":"Produktkonfigurator","og_description":"Projektowanie drzwi loftowych online: wprowad\u017a wymiary, wybierz wersj\u0119, obejrzyj wizualizacj\u0119 i popro\u015b o ofert\u0119.","og_url":"https:\/\/www.loftfx.de\/pl\/produktkonfigurator\/","og_site_name":"LoftFX","article_publisher":"https:\/\/www.facebook.com\/p\/Loftfx-100063861227084\/","article_modified_time":"2025-10-01T20:26:04+00:00","twitter_card":"summary_large_image","schema":{"@context":"https:\/\/schema.org","@graph":[{"@type":"WebPage","@id":"https:\/\/www.loftfx.de\/pl\/produktkonfigurator\/","url":"https:\/\/www.loftfx.de\/pl\/produktkonfigurator\/","name":"Konfigurator produkt\u00f3w: planowanie drzwi loftowych online - LoftFX","isPartOf":{"@id":"https:\/\/www.loftfx.de\/pl\/#website"},"datePublished":"2025-05-07T14:44:17+00:00","dateModified":"2025-10-01T20:26:04+00:00","description":"Projektowanie drzwi loftowych online: wprowad\u017a wymiary, wybierz wersj\u0119, obejrzyj wizualizacj\u0119 i popro\u015b o ofert\u0119.","breadcrumb":{"@id":"https:\/\/www.loftfx.de\/pl\/produktkonfigurator\/#breadcrumb"},"inLanguage":"pl-PL","potentialAction":[{"@type":"ReadAction","target":["https:\/\/www.loftfx.de\/pl\/produktkonfigurator\/"]}]},{"@type":"BreadcrumbList","@id":"https:\/\/www.loftfx.de\/pl\/produktkonfigurator\/#breadcrumb","itemListElement":[{"@type":"ListItem","position":1,"name":"Startseite","item":"https:\/\/www.loftfx.de\/pl\/"},{"@type":"ListItem","position":2,"name":"Produktkonfigurator"}]},{"@type":"WebSite","@id":"https:\/\/www.loftfx.de\/pl\/#website","url":"https:\/\/www.loftfx.de\/pl\/","name":"LoftFX","description":"","publisher":{"@id":"https:\/\/www.loftfx.de\/pl\/#organization"},"potentialAction":[{"@type":"SearchAction","target":{"@type":"EntryPoint","urlTemplate":"https:\/\/www.loftfx.de\/pl\/?s={search_term_string}"},"query-input":{"@type":"PropertyValueSpecification","valueRequired":true,"valueName":"search_term_string"}}],"inLanguage":"pl-PL"},{"@type":["Organization","Place"],"@id":"https:\/\/www.loftfx.de\/pl\/#organization","name":"LOFT FX GmbH","alternateName":"LOFT FX GmbH","url":"https:\/\/www.loftfx.de\/pl\/","logo":{"@id":"https:\/\/www.loftfx.de\/pl\/produktkonfigurator\/#local-main-organization-logo"},"image":{"@id":"https:\/\/www.loftfx.de\/pl\/produktkonfigurator\/#local-main-organization-logo"},"sameAs":["https:\/\/www.facebook.com\/p\/Loftfx-100063861227084\/","https:\/\/www.instagram.com\/loftfx\/?hl=de","https:\/\/de.pinterest.com\/mrloftfx\/","https:\/\/www.youtube.com\/channel\/UCWMutfP4xUCvusbnaMsSB7g"],"description":"Loft FX GmbH ist Ihr Experte f\u00fcr exklusive Loftt\u00fcren, Glast\u00fcren und Raumteiler aus Stahl und Glas. Unsere Kollektion Prestige 2.0 vereint minimalistisches Design mit h\u00f6chster Funktionalit\u00e4t \u2013 gefertigt aus feinen Stahlrahmen und Sicherheitsglas. Jede Loftt\u00fcr wird individuell nach Ma\u00df entworfen und produziert \u2013 als Dreht\u00fcr, Schiebet\u00fcr oder Pivot-T\u00fcr. Ob im Wohnzimmer, B\u00fcro oder Loft \u2013 unsere ma\u00dfgefertigten Stahlt\u00fcren schaffen mehr Licht, Struktur und Raumgef\u00fchl. Mit pr\u00e4ziser Handwerkskunst und eleganter \u00c4sthetik steht Loft FX f\u00fcr zeitlose Qualit\u00e4t \u201eMade in Germany\u201c. Ihr Stil. Ihre Ma\u00dfe. Ihre LoftFX T\u00fcr","legalName":"LOFT FX GmbH","numberOfEmployees":{"@type":"QuantitativeValue","minValue":"11","maxValue":"50"},"telephone":[],"openingHoursSpecification":[{"@type":"OpeningHoursSpecification","dayOfWeek":["Monday","Tuesday","Wednesday","Thursday","Friday","Saturday","Sunday"],"opens":"09:00","closes":"17:00"}]},{"@type":"ImageObject","inLanguage":"pl-PL","@id":"https:\/\/www.loftfx.de\/pl\/produktkonfigurator\/#local-main-organization-logo","url":"https:\/\/www.loftfx.de\/wp-content\/uploads\/2025\/07\/cropped-LoftFX_Logotype_Black_RGB-1.png","contentUrl":"https:\/\/www.loftfx.de\/wp-content\/uploads\/2025\/07\/cropped-LoftFX_Logotype_Black_RGB-1.png","width":1621,"height":656,"caption":"LOFT FX GmbH"}]}},"_links":{"self":[{"href":"https:\/\/www.loftfx.de\/pl\/wp-json\/wp\/v2\/pages\/6699","targetHints":{"allow":["GET"]}}],"collection":[{"href":"https:\/\/www.loftfx.de\/pl\/wp-json\/wp\/v2\/pages"}],"about":[{"href":"https:\/\/www.loftfx.de\/pl\/wp-json\/wp\/v2\/types\/page"}],"author":[{"embeddable":true,"href":"https:\/\/www.loftfx.de\/pl\/wp-json\/wp\/v2\/users\/2"}],"replies":[{"embeddable":true,"href":"https:\/\/www.loftfx.de\/pl\/wp-json\/wp\/v2\/comments?post=6699"}],"version-history":[{"count":20,"href":"https:\/\/www.loftfx.de\/pl\/wp-json\/wp\/v2\/pages\/6699\/revisions"}],"predecessor-version":[{"id":14673,"href":"https:\/\/www.loftfx.de\/pl\/wp-json\/wp\/v2\/pages\/6699\/revisions\/14673"}],"wp:attachment":[{"href":"https:\/\/www.loftfx.de\/pl\/wp-json\/wp\/v2\/media?parent=6699"}],"curies":[{"name":"wp","href":"https:\/\/api.w.org\/{rel}","templated":true}]}}