{"id":5592,"date":"2025-04-09T13:08:10","date_gmt":"2025-04-09T13:08:10","guid":{"rendered":"https:\/\/loftfx.de\/polityka-prywatnosci-2\/"},"modified":"2025-10-01T20:22:46","modified_gmt":"2025-10-01T20:22:46","slug":"polityka-prywatnosci-2","status":"publish","type":"page","link":"https:\/\/www.loftfx.de\/pl\/polityka-prywatnosci-2\/","title":{"rendered":"Polityka prywatno\u015bci"},"content":{"rendered":"\t\t<div data-elementor-type=\"wp-page\" data-elementor-id=\"5592\" class=\"elementor elementor-5592 elementor-bc-flex-widget\" data-elementor-post-type=\"page\">\n\t\t\t\t<div class=\"elementor-element elementor-element-97f528e e-con-full e-flex e-con e-parent\" data-id=\"97f528e\" data-element_type=\"container\" data-e-type=\"container\" data-settings=\"{&quot;enable_glow_container&quot;:&quot;no&quot;}\">\n\t\t<div class=\"elementor-element elementor-element-470a8c8 e-con-full e-flex e-con e-child\" data-id=\"470a8c8\" data-element_type=\"container\" data-e-type=\"container\" data-settings=\"{&quot;enable_glow_container&quot;:&quot;no&quot;}\">\n\t\t\t\t<div class=\"elementor-element elementor-element-a608988 elementor-widget elementor-widget-heading\" data-id=\"a608988\" data-element_type=\"widget\" data-e-type=\"widget\" data-settings=\"{&quot;custom-text-animation&quot;:&quot;type3&quot;,&quot;disable_animation_on_mobile&quot;:&quot;no&quot;}\" data-widget_type=\"heading.default\">\n\t\t\t\t<div class=\"elementor-widget-container\">\n\t\t\t\t\t<div data-animation-type=\"type3\" ><h2 class=\"elementor-heading-title elementor-size-default\"><b>Datenschutz\u00aderkl\u00e4rung<\/b><\/h2><\/div>\t\t\t\t<\/div>\n\t\t\t\t<\/div>\n\t\t\t\t<\/div>\n\t\t\t\t<\/div>\n\t\t<div class=\"elementor-element elementor-element-2afad2d e-con-full e-flex e-con e-parent\" data-id=\"2afad2d\" data-element_type=\"container\" data-e-type=\"container\" data-settings=\"{&quot;enable_glow_container&quot;:&quot;no&quot;}\">\n\t\t<div class=\"elementor-element elementor-element-d8fd282 e-con-full e-flex e-con e-child\" data-id=\"d8fd282\" data-element_type=\"container\" data-e-type=\"container\" data-settings=\"{&quot;enable_glow_container&quot;:&quot;no&quot;}\">\n\t\t\t\t<div class=\"elementor-element elementor-element-13c6445 elementor-widget elementor-widget-heading\" data-id=\"13c6445\" data-element_type=\"widget\" data-e-type=\"widget\" data-settings=\"{&quot;custom-text-animation&quot;:&quot;type3&quot;,&quot;disable_animation_on_mobile&quot;:&quot;no&quot;}\" data-widget_type=\"heading.default\">\n\t\t\t\t<div class=\"elementor-widget-container\">\n\t\t\t\t\t<div data-animation-type=\"type3\" ><h1 class=\"elementor-heading-title elementor-size-default\"><b>Datenschutz\u00aderkl\u00e4rung<\/b><\/h1><\/div>\t\t\t\t<\/div>\n\t\t\t\t<\/div>\n\t\t\t\t<div class=\"elementor-element elementor-element-99e41f3 elementor-widget elementor-widget-text-editor\" data-id=\"99e41f3\" data-element_type=\"widget\" data-e-type=\"widget\" data-widget_type=\"text-editor.default\">\n\t\t\t\t<div class=\"elementor-widget-container\">\n\t\t\t\t\t\t\t\t\t<b>Vorwort<\/b><br>Wir, die LoftFX GmbH (nachfolgend: \u201cdas Unternehmen\u201d, \u201cwir\u201d oder \u201cuns\u201d), nehmen den Schutz Ihrer personenbezogenen Daten ernst und m\u00f6chten Sie an dieser Stelle \u00fcber den Datenschutz in unserem Unternehmen informieren.<br>Uns sind im Rahmen unserer datenschutzrechtlichen Verantwortlichkeit durch das Inkrafttreten der EU-Datenschutz-Grundverordnung (Verordnung (EU) 2016\/679; nachfolgend: \u201cDSGVO\u201d) zus\u00e4tzliche Pflichten auferlegt worden, um den Schutz personenbezogener Daten der von einer Verarbeitung betroffenen Person (wir sprechen Sie als betroffene Person nachfolgend auch mit \u201cKunde\u201d, \u201cNutzer\u201d, \u201cSie\u201d, \u201cIhnen\u201d oder \u201cBetroffener\u201d an) sicherzustellen.<br>Soweit wir entweder alleine oder gemeinsam mit anderen \u00fcber die Zwecke und Mittel der Datenverarbeitung entscheiden, umfasst dies vor allem die Pflicht, Sie transparent \u00fcber Art, Umfang, Zweck, Dauer und Rechtsgrundlage der Verarbeitung zu informieren (vgl. Art.\u00a0<u>13<\/u>\u00a0und\u00a0<u>14<\/u>\u00a0DSGVO). Mit dieser Erkl\u00e4rung (nachfolgend: \u201cDatenschutzhinweise\u201d) informieren wir Sie dar\u00fcber, in welcher Weise Ihre personenbezogenen Daten von uns verarbeitet werden.<br>Unsere Datenschutzhinweise sind modular aufgebaut. Sie bestehen aus einem allgemeinen Teil f\u00fcr jegliche Verarbeitung personenbezogener Daten und Verarbeitungssituationen, die bei jedem Aufruf einer Webseite zum Tragen kommen (Teil A. Allgemeines) und einem besonderen Teil, dessen Inhalt sich jeweils nur auf die dort angegebene Verarbeitungssituation mit Bezeichnung des jeweiligen Angebots oder Produkts bezieht, insbesondere den hier n\u00e4her ausgestalteten Besuch von Webseiten (Teil B. Besuch von Webseiten). Teil B ist relevant, wenn Sie unser deutsches Internetangebot inklusive der Auftritte in den sozialen Medien nutzen.\t\t\t\t\t\t\t\t<\/div>\n\t\t\t\t<\/div>\n\t\t\t\t<div class=\"elementor-element elementor-element-223c5a2 elementor-absolute elementor-view-default elementor-widget elementor-widget-icon\" data-id=\"223c5a2\" data-element_type=\"widget\" data-e-type=\"widget\" data-settings=\"{&quot;_position&quot;:&quot;absolute&quot;,&quot;cew_animation_ease&quot;:&quot;power1.out&quot;,&quot;cew_animation_enable&quot;:&quot;yes&quot;,&quot;cew_animation_scrub&quot;:&quot;yes&quot;,&quot;cew_animation_scrub_value&quot;:4,&quot;cew_animation_start_toggle&quot;:&quot;yes&quot;,&quot;cew_animation_end_toggle&quot;:&quot;yes&quot;,&quot;cew_animation_translate_y_toggle&quot;:&quot;yes&quot;,&quot;cew_animation_from_translate_y&quot;:{&quot;unit&quot;:&quot;%&quot;,&quot;size&quot;:-59,&quot;sizes&quot;:[]},&quot;cew_animation_to_translate_y&quot;:{&quot;unit&quot;:&quot;%&quot;,&quot;size&quot;:53,&quot;sizes&quot;:[]},&quot;cew_animation_start_window&quot;:{&quot;unit&quot;:&quot;%&quot;,&quot;size&quot;:100,&quot;sizes&quot;:[]},&quot;cew_animation_start_element&quot;:{&quot;unit&quot;:&quot;%&quot;,&quot;size&quot;:0,&quot;sizes&quot;:[]},&quot;cew_animation_end_window&quot;:{&quot;unit&quot;:&quot;%&quot;,&quot;size&quot;:0,&quot;sizes&quot;:[]},&quot;cew_animation_end_element&quot;:{&quot;unit&quot;:&quot;%&quot;,&quot;size&quot;:100,&quot;sizes&quot;:[]},&quot;cew_animation_from_translate_y_tablet&quot;:{&quot;unit&quot;:&quot;px&quot;,&quot;size&quot;:&quot;&quot;,&quot;sizes&quot;:[]},&quot;cew_animation_from_translate_y_mobile&quot;:{&quot;unit&quot;:&quot;px&quot;,&quot;size&quot;:&quot;&quot;,&quot;sizes&quot;:[]},&quot;cew_animation_to_translate_y_tablet&quot;:{&quot;unit&quot;:&quot;px&quot;,&quot;size&quot;:&quot;&quot;,&quot;sizes&quot;:[]},&quot;cew_animation_to_translate_y_mobile&quot;:{&quot;unit&quot;:&quot;px&quot;,&quot;size&quot;:&quot;&quot;,&quot;sizes&quot;:[]}}\" data-widget_type=\"icon.default\">\n\t\t\t\t<div class=\"elementor-widget-container\">\n\t\t\t\t\t\t\t<div class=\"elementor-icon-wrapper\">\n\t\t\t<div class=\"elementor-icon\">\n\t\t\t<i aria-hidden=\"true\" class=\"fas fa-circle\"><\/i>\t\t\t<\/div>\n\t\t<\/div>\n\t\t\t\t\t\t<\/div>\n\t\t\t\t<\/div>\n\t\t\t\t<\/div>\n\t\t\t\t<\/div>\n\t\t\t\t<\/div>\n\t\t","protected":false},"excerpt":{"rendered":"","protected":false},"author":1,"featured_media":0,"parent":0,"menu_order":0,"comment_status":"closed","ping_status":"closed","template":"","meta":{"footnotes":""},"class_list":["post-5592","page","type-page","status-publish","hentry"],"yoast_head":"<!-- This site is optimized with the Yoast SEO Premium plugin v27.0 (Yoast SEO v27.4) - https:\/\/yoast.com\/product\/yoast-seo-premium-wordpress\/ -->\n<title>Ochrona danych i informacje dotycz\u0105ce RODO - LoftFX<\/title>\n<meta name=\"description\" content=\"Informacje dotycz\u0105ce gromadzenia i wykorzystywania danych, plik\u00f3w cookie oraz praw u\u017cytkownika zgodnie z RODO. Przejrzyste wyja\u015bnienia.\" \/>\n<meta name=\"robots\" content=\"index, follow, max-snippet:-1, max-image-preview:large, max-video-preview:-1\" \/>\n<link rel=\"canonical\" href=\"https:\/\/www.loftfx.de\/pl\/polityka-prywatnosci-2\/\" \/>\n<meta property=\"og:locale\" content=\"pl_PL\" \/>\n<meta property=\"og:type\" content=\"article\" \/>\n<meta property=\"og:title\" content=\"Polityka prywatno\u015bci\" \/>\n<meta property=\"og:description\" content=\"Informacje dotycz\u0105ce gromadzenia i wykorzystywania danych, plik\u00f3w cookie oraz praw u\u017cytkownika zgodnie z RODO. Przejrzyste wyja\u015bnienia.\" \/>\n<meta property=\"og:url\" content=\"https:\/\/www.loftfx.de\/pl\/polityka-prywatnosci-2\/\" \/>\n<meta property=\"og:site_name\" content=\"LoftFX\" \/>\n<meta property=\"article:publisher\" content=\"https:\/\/www.facebook.com\/p\/Loftfx-100063861227084\/\" \/>\n<meta property=\"article:modified_time\" content=\"2025-10-01T20:22:46+00:00\" \/>\n<meta name=\"twitter:card\" content=\"summary_large_image\" \/>\n<script type=\"application\/ld+json\" class=\"yoast-schema-graph\">{\"@context\":\"https:\\\/\\\/schema.org\",\"@graph\":[{\"@type\":\"WebPage\",\"@id\":\"https:\\\/\\\/www.loftfx.de\\\/pl\\\/polityka-prywatnosci-2\\\/\",\"url\":\"https:\\\/\\\/www.loftfx.de\\\/pl\\\/polityka-prywatnosci-2\\\/\",\"name\":\"Ochrona danych i informacje dotycz\u0105ce RODO - LoftFX\",\"isPartOf\":{\"@id\":\"https:\\\/\\\/www.loftfx.de\\\/pl\\\/#website\"},\"datePublished\":\"2025-04-09T13:08:10+00:00\",\"dateModified\":\"2025-10-01T20:22:46+00:00\",\"description\":\"Informacje dotycz\u0105ce gromadzenia i wykorzystywania danych, plik\u00f3w cookie oraz praw u\u017cytkownika zgodnie z RODO. Przejrzyste wyja\u015bnienia.\",\"breadcrumb\":{\"@id\":\"https:\\\/\\\/www.loftfx.de\\\/pl\\\/polityka-prywatnosci-2\\\/#breadcrumb\"},\"inLanguage\":\"pl-PL\",\"potentialAction\":[{\"@type\":\"ReadAction\",\"target\":[\"https:\\\/\\\/www.loftfx.de\\\/pl\\\/polityka-prywatnosci-2\\\/\"]}]},{\"@type\":\"BreadcrumbList\",\"@id\":\"https:\\\/\\\/www.loftfx.de\\\/pl\\\/polityka-prywatnosci-2\\\/#breadcrumb\",\"itemListElement\":[{\"@type\":\"ListItem\",\"position\":1,\"name\":\"Startseite\",\"item\":\"https:\\\/\\\/www.loftfx.de\\\/pl\\\/\"},{\"@type\":\"ListItem\",\"position\":2,\"name\":\"Polityka prywatno\u015bci\"}]},{\"@type\":\"WebSite\",\"@id\":\"https:\\\/\\\/www.loftfx.de\\\/pl\\\/#website\",\"url\":\"https:\\\/\\\/www.loftfx.de\\\/pl\\\/\",\"name\":\"LoftFX\",\"description\":\"\",\"publisher\":{\"@id\":\"https:\\\/\\\/www.loftfx.de\\\/pl\\\/#organization\"},\"potentialAction\":[{\"@type\":\"SearchAction\",\"target\":{\"@type\":\"EntryPoint\",\"urlTemplate\":\"https:\\\/\\\/www.loftfx.de\\\/pl\\\/?s={search_term_string}\"},\"query-input\":{\"@type\":\"PropertyValueSpecification\",\"valueRequired\":true,\"valueName\":\"search_term_string\"}}],\"inLanguage\":\"pl-PL\"},{\"@type\":[\"Organization\",\"Place\"],\"@id\":\"https:\\\/\\\/www.loftfx.de\\\/pl\\\/#organization\",\"name\":\"LOFT FX GmbH\",\"alternateName\":\"LOFT FX GmbH\",\"url\":\"https:\\\/\\\/www.loftfx.de\\\/pl\\\/\",\"logo\":{\"@id\":\"https:\\\/\\\/www.loftfx.de\\\/pl\\\/polityka-prywatnosci-2\\\/#local-main-organization-logo\"},\"image\":{\"@id\":\"https:\\\/\\\/www.loftfx.de\\\/pl\\\/polityka-prywatnosci-2\\\/#local-main-organization-logo\"},\"sameAs\":[\"https:\\\/\\\/www.facebook.com\\\/p\\\/Loftfx-100063861227084\\\/\",\"https:\\\/\\\/www.instagram.com\\\/loftfx\\\/?hl=de\",\"https:\\\/\\\/de.pinterest.com\\\/mrloftfx\\\/\",\"https:\\\/\\\/www.youtube.com\\\/channel\\\/UCWMutfP4xUCvusbnaMsSB7g\"],\"description\":\"Loft FX GmbH ist Ihr Experte f\u00fcr exklusive Loftt\u00fcren, Glast\u00fcren und Raumteiler aus Stahl und Glas. Unsere Kollektion Prestige 2.0 vereint minimalistisches Design mit h\u00f6chster Funktionalit\u00e4t \u2013 gefertigt aus feinen Stahlrahmen und Sicherheitsglas. Jede Loftt\u00fcr wird individuell nach Ma\u00df entworfen und produziert \u2013 als Dreht\u00fcr, Schiebet\u00fcr oder Pivot-T\u00fcr. Ob im Wohnzimmer, B\u00fcro oder Loft \u2013 unsere ma\u00dfgefertigten Stahlt\u00fcren schaffen mehr Licht, Struktur und Raumgef\u00fchl. Mit pr\u00e4ziser Handwerkskunst und eleganter \u00c4sthetik steht Loft FX f\u00fcr zeitlose Qualit\u00e4t \u201eMade in Germany\u201c. Ihr Stil. Ihre Ma\u00dfe. Ihre LoftFX T\u00fcr\",\"legalName\":\"LOFT FX GmbH\",\"numberOfEmployees\":{\"@type\":\"QuantitativeValue\",\"minValue\":\"11\",\"maxValue\":\"50\"},\"telephone\":[],\"openingHoursSpecification\":[{\"@type\":\"OpeningHoursSpecification\",\"dayOfWeek\":[\"Monday\",\"Tuesday\",\"Wednesday\",\"Thursday\",\"Friday\",\"Saturday\",\"Sunday\"],\"opens\":\"09:00\",\"closes\":\"17:00\"}]},{\"@type\":\"ImageObject\",\"inLanguage\":\"pl-PL\",\"@id\":\"https:\\\/\\\/www.loftfx.de\\\/pl\\\/polityka-prywatnosci-2\\\/#local-main-organization-logo\",\"url\":\"https:\\\/\\\/www.loftfx.de\\\/wp-content\\\/uploads\\\/2025\\\/07\\\/cropped-LoftFX_Logotype_Black_RGB-1.png\",\"contentUrl\":\"https:\\\/\\\/www.loftfx.de\\\/wp-content\\\/uploads\\\/2025\\\/07\\\/cropped-LoftFX_Logotype_Black_RGB-1.png\",\"width\":1621,\"height\":656,\"caption\":\"LOFT FX GmbH\"}]}<\/script>\n<!-- \/ Yoast SEO Premium plugin. -->","yoast_head_json":{"title":"Ochrona danych i informacje dotycz\u0105ce RODO - LoftFX","description":"Informacje dotycz\u0105ce gromadzenia i wykorzystywania danych, plik\u00f3w cookie oraz praw u\u017cytkownika zgodnie z RODO. Przejrzyste wyja\u015bnienia.","robots":{"index":"index","follow":"follow","max-snippet":"max-snippet:-1","max-image-preview":"max-image-preview:large","max-video-preview":"max-video-preview:-1"},"canonical":"https:\/\/www.loftfx.de\/pl\/polityka-prywatnosci-2\/","og_locale":"pl_PL","og_type":"article","og_title":"Polityka prywatno\u015bci","og_description":"Informacje dotycz\u0105ce gromadzenia i wykorzystywania danych, plik\u00f3w cookie oraz praw u\u017cytkownika zgodnie z RODO. Przejrzyste wyja\u015bnienia.","og_url":"https:\/\/www.loftfx.de\/pl\/polityka-prywatnosci-2\/","og_site_name":"LoftFX","article_publisher":"https:\/\/www.facebook.com\/p\/Loftfx-100063861227084\/","article_modified_time":"2025-10-01T20:22:46+00:00","twitter_card":"summary_large_image","schema":{"@context":"https:\/\/schema.org","@graph":[{"@type":"WebPage","@id":"https:\/\/www.loftfx.de\/pl\/polityka-prywatnosci-2\/","url":"https:\/\/www.loftfx.de\/pl\/polityka-prywatnosci-2\/","name":"Ochrona danych i informacje dotycz\u0105ce RODO - LoftFX","isPartOf":{"@id":"https:\/\/www.loftfx.de\/pl\/#website"},"datePublished":"2025-04-09T13:08:10+00:00","dateModified":"2025-10-01T20:22:46+00:00","description":"Informacje dotycz\u0105ce gromadzenia i wykorzystywania danych, plik\u00f3w cookie oraz praw u\u017cytkownika zgodnie z RODO. Przejrzyste wyja\u015bnienia.","breadcrumb":{"@id":"https:\/\/www.loftfx.de\/pl\/polityka-prywatnosci-2\/#breadcrumb"},"inLanguage":"pl-PL","potentialAction":[{"@type":"ReadAction","target":["https:\/\/www.loftfx.de\/pl\/polityka-prywatnosci-2\/"]}]},{"@type":"BreadcrumbList","@id":"https:\/\/www.loftfx.de\/pl\/polityka-prywatnosci-2\/#breadcrumb","itemListElement":[{"@type":"ListItem","position":1,"name":"Startseite","item":"https:\/\/www.loftfx.de\/pl\/"},{"@type":"ListItem","position":2,"name":"Polityka prywatno\u015bci"}]},{"@type":"WebSite","@id":"https:\/\/www.loftfx.de\/pl\/#website","url":"https:\/\/www.loftfx.de\/pl\/","name":"LoftFX","description":"","publisher":{"@id":"https:\/\/www.loftfx.de\/pl\/#organization"},"potentialAction":[{"@type":"SearchAction","target":{"@type":"EntryPoint","urlTemplate":"https:\/\/www.loftfx.de\/pl\/?s={search_term_string}"},"query-input":{"@type":"PropertyValueSpecification","valueRequired":true,"valueName":"search_term_string"}}],"inLanguage":"pl-PL"},{"@type":["Organization","Place"],"@id":"https:\/\/www.loftfx.de\/pl\/#organization","name":"LOFT FX GmbH","alternateName":"LOFT FX GmbH","url":"https:\/\/www.loftfx.de\/pl\/","logo":{"@id":"https:\/\/www.loftfx.de\/pl\/polityka-prywatnosci-2\/#local-main-organization-logo"},"image":{"@id":"https:\/\/www.loftfx.de\/pl\/polityka-prywatnosci-2\/#local-main-organization-logo"},"sameAs":["https:\/\/www.facebook.com\/p\/Loftfx-100063861227084\/","https:\/\/www.instagram.com\/loftfx\/?hl=de","https:\/\/de.pinterest.com\/mrloftfx\/","https:\/\/www.youtube.com\/channel\/UCWMutfP4xUCvusbnaMsSB7g"],"description":"Loft FX GmbH ist Ihr Experte f\u00fcr exklusive Loftt\u00fcren, Glast\u00fcren und Raumteiler aus Stahl und Glas. Unsere Kollektion Prestige 2.0 vereint minimalistisches Design mit h\u00f6chster Funktionalit\u00e4t \u2013 gefertigt aus feinen Stahlrahmen und Sicherheitsglas. Jede Loftt\u00fcr wird individuell nach Ma\u00df entworfen und produziert \u2013 als Dreht\u00fcr, Schiebet\u00fcr oder Pivot-T\u00fcr. Ob im Wohnzimmer, B\u00fcro oder Loft \u2013 unsere ma\u00dfgefertigten Stahlt\u00fcren schaffen mehr Licht, Struktur und Raumgef\u00fchl. Mit pr\u00e4ziser Handwerkskunst und eleganter \u00c4sthetik steht Loft FX f\u00fcr zeitlose Qualit\u00e4t \u201eMade in Germany\u201c. Ihr Stil. Ihre Ma\u00dfe. Ihre LoftFX T\u00fcr","legalName":"LOFT FX GmbH","numberOfEmployees":{"@type":"QuantitativeValue","minValue":"11","maxValue":"50"},"telephone":[],"openingHoursSpecification":[{"@type":"OpeningHoursSpecification","dayOfWeek":["Monday","Tuesday","Wednesday","Thursday","Friday","Saturday","Sunday"],"opens":"09:00","closes":"17:00"}]},{"@type":"ImageObject","inLanguage":"pl-PL","@id":"https:\/\/www.loftfx.de\/pl\/polityka-prywatnosci-2\/#local-main-organization-logo","url":"https:\/\/www.loftfx.de\/wp-content\/uploads\/2025\/07\/cropped-LoftFX_Logotype_Black_RGB-1.png","contentUrl":"https:\/\/www.loftfx.de\/wp-content\/uploads\/2025\/07\/cropped-LoftFX_Logotype_Black_RGB-1.png","width":1621,"height":656,"caption":"LOFT FX GmbH"}]}},"_links":{"self":[{"href":"https:\/\/www.loftfx.de\/pl\/wp-json\/wp\/v2\/pages\/5592","targetHints":{"allow":["GET"]}}],"collection":[{"href":"https:\/\/www.loftfx.de\/pl\/wp-json\/wp\/v2\/pages"}],"about":[{"href":"https:\/\/www.loftfx.de\/pl\/wp-json\/wp\/v2\/types\/page"}],"author":[{"embeddable":true,"href":"https:\/\/www.loftfx.de\/pl\/wp-json\/wp\/v2\/users\/1"}],"replies":[{"embeddable":true,"href":"https:\/\/www.loftfx.de\/pl\/wp-json\/wp\/v2\/comments?post=5592"}],"version-history":[{"count":1,"href":"https:\/\/www.loftfx.de\/pl\/wp-json\/wp\/v2\/pages\/5592\/revisions"}],"predecessor-version":[{"id":15428,"href":"https:\/\/www.loftfx.de\/pl\/wp-json\/wp\/v2\/pages\/5592\/revisions\/15428"}],"wp:attachment":[{"href":"https:\/\/www.loftfx.de\/pl\/wp-json\/wp\/v2\/media?parent=5592"}],"curies":[{"name":"wp","href":"https:\/\/api.w.org\/{rel}","templated":true}]}}