{"id":16229,"date":"2025-10-24T12:37:33","date_gmt":"2025-10-24T12:37:33","guid":{"rendered":"https:\/\/www.loftfx.de\/loft-sliding-doors\/"},"modified":"2025-10-30T16:34:47","modified_gmt":"2025-10-30T16:34:47","slug":"loft-sliding-doors","status":"publish","type":"page","link":"https:\/\/www.loftfx.de\/en\/loft-sliding-doors\/","title":{"rendered":"Loft Sliding Doors"},"content":{"rendered":"<h2>Sliding Doors<\/h2>\n<p>\t\t<div style=\"width: 640px;\" class=\"wp-video\"><!--[if lt IE 9]><script>document.createElement('video');<\/script><![endif]-->\n<video class=\"wp-video-shortcode\" id=\"video-16229-1\" width=\"640\" height=\"360\" preload=\"metadata\" controls=\"controls\"><source type=\"video\/mp4\" src=\"https:\/\/www.loftfx.de\/wp-content\/uploads\/2025\/06\/Przesowne2-ezgif.com-video-speed.mp4https:\/\/www.loftfx.de\/wp-content\/uploads\/2025\/05\/Przesowne1-ezgif.com-video-speed.mp4?_=1\" \/><a href=\"https:\/\/www.loftfx.de\/wp-content\/uploads\/2025\/06\/Przesowne2-ezgif.com-video-speed.mp4https:\/\/www.loftfx.de\/wp-content\/uploads\/2025\/05\/Przesowne1-ezgif.com-video-speed.mp4\">https:\/\/www.loftfx.de\/wp-content\/uploads\/2025\/06\/Przesowne2-ezgif.com-video-speed.mp4https:\/\/www.loftfx.de\/wp-content\/uploads\/2025\/05\/Przesowne1-ezgif.com-video-speed.mp4<\/a><\/video><\/div><br \/>\n\t\t\t<meta itemprop=\"worstRating\" content=\"0\"><br \/>\n\t\t\t<meta itemprop=\"bestRating\" content=\"5\"><\/p>\n<h1>Loft Sliding Doors<br \/><b>custom-made<\/b><\/h1>\n<p>Our steel and glass sliding doors connect rooms with elegance and style, combining minimalist design with industrial robustness. The combination of slim steel profiles and generous glass surfaces creates a pleasant, light-flooded feeling of space. We develop our sliding door systems ourselves to ensure that function and aesthetics go hand in hand.  <\/p>\n<p>With us, you can configure your sliding door yourself and seamlessly integrate it into your architecture as a stylish design element. <\/p>\n<p>\t\t\t\t\t<a href=\"https:\/\/www.loftfx.de\/en\/custom-loft-doors-inquiry-form\/\"><br \/>\n\t\t\t\t\t\t\t\t\t<u>Quick Quote<\/u><br \/>\n\t\t\t\t\t<\/a><br \/>\n\t\t\t\t\t<a href=\"#\"><br \/>\n\t\t\t\t\t\t\t\t\tTo the Configurator<br \/>\n\t\t\t\t\t<\/a><\/p>\n<h2>DESIGN<br \/>CUSTOM<\/h2>\n<p>\t\t\t\t\t<dotlottie-player  src='https:\/\/www.loftfx.de\/wp-content\/uploads\/2025\/05\/nachLOT.lottie'     speed='1'><\/dotlottie-player>\t\t\t\t<\/p>\n<p>Thousands of creative possibilities<\/p>\n<p>\t\t\t\t\t\t\t\t\t\t\t\t\t\t\t<img fetchpriority=\"high\" decoding=\"async\" width=\"660\" height=\"905\" src=\"https:\/\/www.loftfx.de\/wp-content\/uploads\/2025\/06\/Przesowne1.png\" alt=\"\" srcset=\"https:\/\/www.loftfx.de\/wp-content\/uploads\/2025\/06\/Przesowne1.png 660w, https:\/\/www.loftfx.de\/wp-content\/uploads\/2025\/06\/Przesowne1-219x300.png 219w\" sizes=\"(max-width: 660px) 100vw, 660px\" \/><br \/>\n\t\t\t\t\t\t\t\t\t\t\t\t\t\t\t<img decoding=\"async\" width=\"544\" height=\"1000\" src=\"https:\/\/www.loftfx.de\/wp-content\/uploads\/2025\/06\/Przesowne2.png\" alt=\"\" srcset=\"https:\/\/www.loftfx.de\/wp-content\/uploads\/2025\/06\/Przesowne2.png 544w, https:\/\/www.loftfx.de\/wp-content\/uploads\/2025\/06\/Przesowne2-163x300.png 163w\" sizes=\"(max-width: 544px) 100vw, 544px\" \/><br \/>\n\t\t\t\t\t\t\t\t\t\t\t\t\t\t\t<img decoding=\"async\" width=\"800\" height=\"855\" src=\"https:\/\/www.loftfx.de\/wp-content\/uploads\/2025\/06\/Przesowne3.png\" alt=\"\" srcset=\"https:\/\/www.loftfx.de\/wp-content\/uploads\/2025\/06\/Przesowne3.png 861w, https:\/\/www.loftfx.de\/wp-content\/uploads\/2025\/06\/Przesowne3-281x300.png 281w, https:\/\/www.loftfx.de\/wp-content\/uploads\/2025\/06\/Przesowne3-768x821.png 768w\" sizes=\"(max-width: 800px) 100vw, 800px\" \/><br \/>\n\t\t\t\t\t\t\t\t\t\t\t\t\t\t\t<img loading=\"lazy\" decoding=\"async\" width=\"800\" height=\"718\" src=\"https:\/\/www.loftfx.de\/wp-content\/uploads\/2025\/06\/Przesowne4.png\" alt=\"\" srcset=\"https:\/\/www.loftfx.de\/wp-content\/uploads\/2025\/06\/Przesowne4.png 1017w, https:\/\/www.loftfx.de\/wp-content\/uploads\/2025\/06\/Przesowne4-300x269.png 300w, https:\/\/www.loftfx.de\/wp-content\/uploads\/2025\/06\/Przesowne4-768x689.png 768w\" sizes=\"(max-width: 800px) 100vw, 800px\" \/><br \/>\n\t\t\t\t\t\t\t\t\t\t\t\t\t\t\t<img loading=\"lazy\" decoding=\"async\" width=\"800\" height=\"805\" src=\"https:\/\/www.loftfx.de\/wp-content\/uploads\/2025\/06\/Przesowne5.png\" alt=\"\" srcset=\"https:\/\/www.loftfx.de\/wp-content\/uploads\/2025\/06\/Przesowne5.png 971w, https:\/\/www.loftfx.de\/wp-content\/uploads\/2025\/06\/Przesowne5-298x300.png 298w, https:\/\/www.loftfx.de\/wp-content\/uploads\/2025\/06\/Przesowne5-150x150.png 150w, https:\/\/www.loftfx.de\/wp-content\/uploads\/2025\/06\/Przesowne5-768x773.png 768w\" sizes=\"(max-width: 800px) 100vw, 800px\" \/>\t\t\t\t\t\t\t\t\t\t\t\t\t\t\t<\/p>\n<p><strong>Loft sliding doors lend rooms a special lightness.<\/strong><\/p>\n<p>With soft-close technology, they glide silently to the side, lending everyday life a special feeling of quality and luxury. Since they do not require floor rails, the area next to the door frame remains free, creating a spacious, modern feeling of space. <\/p>\n<p><strong>Each sliding door is a custom-made, one-of-a-kind piece.<\/strong><\/p>\n<p>that harmoniously combines architecture and aesthetics. Our own sliding door systems ensure easy installation and offer lasting stability. You can choose from durable, high-quality RAL colors and determine the muntin design yourself so that your loft sliding door suits you perfectly.  <\/p>\n<h2>HARMONY of natural LIGHT<\/h2>\n<p><b>Light creates the atmosphere.<\/b> With LoftFX sliding glass doors, you can make the most of the light and create a natural feel-good atmosphere in your home or office. With our diverse range, you have  <a href=\"https:\/\/www.loftfx.de\/faehigkeiten\/#Glas\">glass offerGlasangebot<\/a> numerous design options from <b>Clear<\/b> (transparent) over <b>Milky<\/b> up to <b>stylish colors<\/b>, or are you more the type for more specialized glass products such as our models? <b>cathedral<\/b> or <b>Visiosun<\/b>? <a href=\"https:\/\/www.loftfx.de\/faehigkeiten\/#Glas\">Find out here<\/a> and decide how you want to use the light in your room.<\/p>\n<p>\t\t\t\t\t\t\t\t\t\t\t\t\t\t\t<img loading=\"lazy\" decoding=\"async\" width=\"768\" height=\"1024\" src=\"https:\/\/www.loftfx.de\/wp-content\/uploads\/2025\/07\/IMG_5253-768x1024.jpeg\" alt=\"Einfl\u00fcgelige Schiebet\u00fcr mit zwei FIX-Feldern, Sprossendesign Polo4 und Griff Gracia\" srcset=\"https:\/\/www.loftfx.de\/wp-content\/uploads\/2025\/07\/IMG_5253-768x1024.jpeg 768w, https:\/\/www.loftfx.de\/wp-content\/uploads\/2025\/07\/IMG_5253-225x300.jpeg 225w, https:\/\/www.loftfx.de\/wp-content\/uploads\/2025\/07\/IMG_5253-1152x1536.jpeg 1152w, https:\/\/www.loftfx.de\/wp-content\/uploads\/2025\/07\/IMG_5253-1536x2048.jpeg 1536w, https:\/\/www.loftfx.de\/wp-content\/uploads\/2025\/07\/IMG_5253-scaled.jpeg 1920w\" sizes=\"(max-width: 768px) 100vw, 768px\" \/><br \/>\n\t\t\t\t\t\t\t\t\t\t\t\t\t\t\t<img loading=\"lazy\" decoding=\"async\" width=\"768\" height=\"1024\" src=\"https:\/\/www.loftfx.de\/wp-content\/uploads\/2025\/07\/IMG_5256-768x1024.jpeg\" alt=\"Einfl\u00fcgelige Schiebet\u00fcr mit zwei FIX-Feldern, Sprossendesign Polo4 und Griff Gracia\" srcset=\"https:\/\/www.loftfx.de\/wp-content\/uploads\/2025\/07\/IMG_5256-768x1024.jpeg 768w, https:\/\/www.loftfx.de\/wp-content\/uploads\/2025\/07\/IMG_5256-225x300.jpeg 225w, https:\/\/www.loftfx.de\/wp-content\/uploads\/2025\/07\/IMG_5256-1152x1536.jpeg 1152w, https:\/\/www.loftfx.de\/wp-content\/uploads\/2025\/07\/IMG_5256-1536x2048.jpeg 1536w, https:\/\/www.loftfx.de\/wp-content\/uploads\/2025\/07\/IMG_5256-scaled.jpeg 1920w\" sizes=\"(max-width: 768px) 100vw, 768px\" \/><br \/>\n\t\t\t\t\t\t\t\t\t\t\t\t\t\t\t<img loading=\"lazy\" decoding=\"async\" width=\"768\" height=\"1024\" src=\"https:\/\/www.loftfx.de\/wp-content\/uploads\/2025\/07\/IMG_5245-768x1024.jpeg\" alt=\"Einfl\u00fcgelige Schiebet\u00fcr mit zwei FIX-Feldern, Sprossendesign Polo4 und Griff Gracia\" srcset=\"https:\/\/www.loftfx.de\/wp-content\/uploads\/2025\/07\/IMG_5245-768x1024.jpeg 768w, https:\/\/www.loftfx.de\/wp-content\/uploads\/2025\/07\/IMG_5245-225x300.jpeg 225w, https:\/\/www.loftfx.de\/wp-content\/uploads\/2025\/07\/IMG_5245-1152x1536.jpeg 1152w, https:\/\/www.loftfx.de\/wp-content\/uploads\/2025\/07\/IMG_5245-1536x2048.jpeg 1536w, https:\/\/www.loftfx.de\/wp-content\/uploads\/2025\/07\/IMG_5245-scaled.jpeg 1920w\" sizes=\"(max-width: 768px) 100vw, 768px\" \/>\t\t\t\t\t\t\t\t\t\t\t\t\t\t\t<\/p>\n<h2>THE BEAUTY OF STEEL<\/h2>\n<p>Our glass loft sliding doors are framed in elegant steel. Steel is a very durable material with a timeless look. The minimalist style of a steel frame on a glass sliding door is currently very much in vogue. A sliding door from LoftFX is therefore ideal for anyone who prefers a simple, timeless look and for anyone looking for a door with a modern design. A major advantage of steel is that, unlike wood, it does not warp over time. With a steel and glass loft sliding door, you can create a timelessly modern ambience that will last for years to come.     <\/p>\n<h2>THE beauty OF STEEL<\/h2>\n<h2>MAGIC made of GLASS<\/h2>\n<p>The glass in our loft sliding doors not only lets light into the room, it also contributes to the overall aesthetics of your interior design. Our ornamental glass in particular, with its textured, rippled or cathedral look, makes a glass sliding door a real eye-catcher. However, we also offer all the usual classic glass options, which impress with their simple clarity. You can decide whether you want to use your sliding glass door to connect rooms transparently or create privacy with privacy options such as frosted glass or a satin look.   <\/p>\n<p>\t\t\t\t\t\t\t\t\t\t\t\t\t\t\t<img loading=\"lazy\" decoding=\"async\" width=\"768\" height=\"1024\" src=\"https:\/\/www.loftfx.de\/wp-content\/uploads\/2025\/07\/IMG_5868-768x1024.jpeg\" alt=\"Loft Schiebet\u00fcr mit einem FIX-Element und Klarglas als Wohnzimmert\u00fcr\" srcset=\"https:\/\/www.loftfx.de\/wp-content\/uploads\/2025\/07\/IMG_5868-768x1024.jpeg 768w, https:\/\/www.loftfx.de\/wp-content\/uploads\/2025\/07\/IMG_5868-225x300.jpeg 225w, https:\/\/www.loftfx.de\/wp-content\/uploads\/2025\/07\/IMG_5868-1152x1536.jpeg 1152w, https:\/\/www.loftfx.de\/wp-content\/uploads\/2025\/07\/IMG_5868-1536x2048.jpeg 1536w, https:\/\/www.loftfx.de\/wp-content\/uploads\/2025\/07\/IMG_5868-scaled.jpeg 1920w\" sizes=\"(max-width: 768px) 100vw, 768px\" \/><br \/>\n\t\t\t\t\t\t\t\t\t\t\t\t\t\t\t<img loading=\"lazy\" decoding=\"async\" width=\"768\" height=\"1024\" src=\"https:\/\/www.loftfx.de\/wp-content\/uploads\/2025\/07\/IMG_5866-768x1024.jpeg\" alt=\"Loft Schiebet\u00fcr mit einem FIX-Element und Klarglas als Wohnzimmert\u00fcr\" srcset=\"https:\/\/www.loftfx.de\/wp-content\/uploads\/2025\/07\/IMG_5866-768x1024.jpeg 768w, https:\/\/www.loftfx.de\/wp-content\/uploads\/2025\/07\/IMG_5866-225x300.jpeg 225w, https:\/\/www.loftfx.de\/wp-content\/uploads\/2025\/07\/IMG_5866-1152x1536.jpeg 1152w, https:\/\/www.loftfx.de\/wp-content\/uploads\/2025\/07\/IMG_5866-1536x2048.jpeg 1536w, https:\/\/www.loftfx.de\/wp-content\/uploads\/2025\/07\/IMG_5866-scaled.jpeg 1920w\" sizes=\"(max-width: 768px) 100vw, 768px\" \/>\t\t\t\t\t\t\t\t\t\t\t\t\t\t\t<\/p>\n<h2>THE effect OF A LOFT SLIDING DOOR<br \/>\n<\/h2>\n<p>The effect of a loft sliding door works almost anywhere. It can elegantly connect the living room and kitchen and, with a transparent glass option, enhance the sense of community at home. A sliding door can also serve as a stylish room divider for your home office or as a representative solution in the office. Sliding glass doors are also popular for wardrobes and dressers. This variant unfolds its special, luxurious charm especially in the living room or bedroom. As a trendy design element for your interior, a loft sliding door made of steel and glass gives every room a special character.     <\/p>\n<h2>THE EFFECT OF A LOFT SLIDING DOOR<\/h2>\n<h2><b>Loft Sliding Doors<br \/> Comfort is aesthetically pleasing<\/b><\/h2>\n<p>\t\t\t\t\t<dotlottie-player  src='https:\/\/www.loftfx.de\/wp-content\/uploads\/2025\/06\/softlockLOT.lottie'     speed='0.5'><\/dotlottie-player>\t\t\t\t<\/p>\n<p><b> Soft-Close<\/b><\/p>\n<p>\t\tSmooth, silent<br \/>\nclosing.<br \/>\n\t\t\t\t\t<dotlottie-player  src='https:\/\/www.loftfx.de\/wp-content\/uploads\/2025\/06\/bezsuwnicoweLOT.lottie'     speed='1'><\/dotlottie-player>\t\t\t\t<\/p>\n<p><b> No Floor Guide Rails<\/b><\/p>\n<p>Clear and continuous floor space<\/p>\n<p>\t\t\t\t\t<dotlottie-player  src='https:\/\/www.loftfx.de\/wp-content\/uploads\/2025\/06\/bezsuwnicoweLOT.lottie'     speed='1'><\/dotlottie-player>\t\t\t\t<\/p>\n<p><b> Our Own Sliding Door Systems<\/b><\/p>\n<p>Developed specifically for our loft doors \u2013 stable, quiet, durable<\/p>\n<p>\t\t\t\t\t<dotlottie-player  src='https:\/\/www.loftfx.de\/wp-content\/uploads\/2025\/04\/puzzle2LOT.lottie'     speed='1'><\/dotlottie-player>\t\t\t\t<\/p>\n<p><b> Easy Installation<\/b><\/p>\n<p>DIY<br \/>or with service.<\/p>\n<p>\t\t\t\t\t<dotlottie-player  src='https:\/\/www.loftfx.de\/wp-content\/uploads\/2025\/04\/kolory2LOT.lottie'     speed='1'><\/dotlottie-player>\t\t\t\t<\/p>\n<p><b> RAL Colors<\/b><\/p>\n<p>Durable Protection<\/p>\n","protected":false},"excerpt":{"rendered":"<p>Sliding Doors https:\/\/www.loftfx.de\/wp-content\/uploads\/2025\/06\/Przesowne2-ezgif.com-video-speed.mp4https:\/\/www.loftfx.de\/wp-content\/uploads\/2025\/05\/Przesowne1-ezgif.com-video-speed.mp4 Loft Sliding Doorscustom-made Our steel and glass sliding doors connect rooms with elegance and style, combining minimalist design with industrial robustness. The combination of slim steel profiles and generous glass surfaces creates a pleasant, light-flooded feeling of space. We develop our sliding door systems ourselves to ensure that function and aesthetics go [&hellip;]<\/p>\n","protected":false},"author":7,"featured_media":0,"parent":0,"menu_order":0,"comment_status":"closed","ping_status":"closed","template":"","meta":{"footnotes":""},"class_list":["post-16229","page","type-page","status-publish","hentry"],"yoast_head":"<!-- This site is optimized with the Yoast SEO Premium plugin v27.0 (Yoast SEO v27.4) - https:\/\/yoast.com\/product\/yoast-seo-premium-wordpress\/ -->\n<title>Sliding doors: quiet operation, large openings - LoftFX<\/title>\n<meta name=\"description\" content=\"Sliding doors for narrow spaces and large passageways: quiet operation, soft close, concealed guide. Made to measure.\" \/>\n<meta name=\"robots\" content=\"index, follow, max-snippet:-1, max-image-preview:large, max-video-preview:-1\" \/>\n<link rel=\"canonical\" href=\"https:\/\/www.loftfx.de\/en\/loft-sliding-doors\/\" \/>\n<meta property=\"og:locale\" content=\"en_US\" \/>\n<meta property=\"og:type\" content=\"article\" \/>\n<meta property=\"og:title\" content=\"Loft Sliding Doors\" \/>\n<meta property=\"og:description\" content=\"Sliding doors for narrow spaces and large passageways: quiet operation, soft close, concealed guide. Made to measure.\" \/>\n<meta property=\"og:url\" content=\"https:\/\/www.loftfx.de\/en\/loft-sliding-doors\/\" \/>\n<meta property=\"og:site_name\" content=\"LoftFX\" \/>\n<meta property=\"article:publisher\" content=\"https:\/\/www.facebook.com\/p\/Loftfx-100063861227084\/\" \/>\n<meta property=\"article:modified_time\" content=\"2025-10-30T16:34:47+00:00\" \/>\n<meta property=\"og:image\" content=\"https:\/\/www.loftfx.de\/wp-content\/uploads\/2025\/06\/Przesowne1.png\" \/>\n\t<meta property=\"og:image:width\" content=\"660\" \/>\n\t<meta property=\"og:image:height\" content=\"905\" \/>\n\t<meta property=\"og:image:type\" content=\"image\/png\" \/>\n<meta name=\"twitter:card\" content=\"summary_large_image\" \/>\n<meta name=\"twitter:label1\" content=\"Est. reading time\" \/>\n\t<meta name=\"twitter:data1\" content=\"3 minutes\" \/>\n<script type=\"application\/ld+json\" class=\"yoast-schema-graph\">{\"@context\":\"https:\\\/\\\/schema.org\",\"@graph\":[{\"@type\":\"WebPage\",\"@id\":\"https:\\\/\\\/www.loftfx.de\\\/en\\\/loft-sliding-doors\\\/\",\"url\":\"https:\\\/\\\/www.loftfx.de\\\/en\\\/loft-sliding-doors\\\/\",\"name\":\"Sliding doors: quiet operation, large openings - LoftFX\",\"isPartOf\":{\"@id\":\"https:\\\/\\\/www.loftfx.de\\\/en\\\/#website\"},\"primaryImageOfPage\":{\"@id\":\"https:\\\/\\\/www.loftfx.de\\\/en\\\/loft-sliding-doors\\\/#primaryimage\"},\"image\":{\"@id\":\"https:\\\/\\\/www.loftfx.de\\\/en\\\/loft-sliding-doors\\\/#primaryimage\"},\"thumbnailUrl\":\"https:\\\/\\\/www.loftfx.de\\\/wp-content\\\/uploads\\\/2025\\\/06\\\/Przesowne1.png\",\"datePublished\":\"2025-10-24T12:37:33+00:00\",\"dateModified\":\"2025-10-30T16:34:47+00:00\",\"description\":\"Sliding doors for narrow spaces and large passageways: quiet operation, soft close, concealed guide. Made to measure.\",\"breadcrumb\":{\"@id\":\"https:\\\/\\\/www.loftfx.de\\\/en\\\/loft-sliding-doors\\\/#breadcrumb\"},\"inLanguage\":\"en-US\",\"potentialAction\":[{\"@type\":\"ReadAction\",\"target\":[\"https:\\\/\\\/www.loftfx.de\\\/en\\\/loft-sliding-doors\\\/\"]}]},{\"@type\":\"ImageObject\",\"inLanguage\":\"en-US\",\"@id\":\"https:\\\/\\\/www.loftfx.de\\\/en\\\/loft-sliding-doors\\\/#primaryimage\",\"url\":\"https:\\\/\\\/www.loftfx.de\\\/wp-content\\\/uploads\\\/2025\\\/06\\\/Przesowne1.png\",\"contentUrl\":\"https:\\\/\\\/www.loftfx.de\\\/wp-content\\\/uploads\\\/2025\\\/06\\\/Przesowne1.png\"},{\"@type\":\"BreadcrumbList\",\"@id\":\"https:\\\/\\\/www.loftfx.de\\\/en\\\/loft-sliding-doors\\\/#breadcrumb\",\"itemListElement\":[{\"@type\":\"ListItem\",\"position\":1,\"name\":\"Startseite\",\"item\":\"https:\\\/\\\/www.loftfx.de\\\/en\\\/\"},{\"@type\":\"ListItem\",\"position\":2,\"name\":\"Loft Sliding Doors\"}]},{\"@type\":\"WebSite\",\"@id\":\"https:\\\/\\\/www.loftfx.de\\\/en\\\/#website\",\"url\":\"https:\\\/\\\/www.loftfx.de\\\/en\\\/\",\"name\":\"LoftFX\",\"description\":\"\",\"publisher\":{\"@id\":\"https:\\\/\\\/www.loftfx.de\\\/en\\\/#organization\"},\"potentialAction\":[{\"@type\":\"SearchAction\",\"target\":{\"@type\":\"EntryPoint\",\"urlTemplate\":\"https:\\\/\\\/www.loftfx.de\\\/en\\\/?s={search_term_string}\"},\"query-input\":{\"@type\":\"PropertyValueSpecification\",\"valueRequired\":true,\"valueName\":\"search_term_string\"}}],\"inLanguage\":\"en-US\"},{\"@type\":[\"Organization\",\"Place\"],\"@id\":\"https:\\\/\\\/www.loftfx.de\\\/en\\\/#organization\",\"name\":\"LOFT FX GmbH\",\"alternateName\":\"LOFT FX GmbH\",\"url\":\"https:\\\/\\\/www.loftfx.de\\\/en\\\/\",\"logo\":{\"@id\":\"https:\\\/\\\/www.loftfx.de\\\/en\\\/loft-sliding-doors\\\/#local-main-organization-logo\"},\"image\":{\"@id\":\"https:\\\/\\\/www.loftfx.de\\\/en\\\/loft-sliding-doors\\\/#local-main-organization-logo\"},\"sameAs\":[\"https:\\\/\\\/www.facebook.com\\\/p\\\/Loftfx-100063861227084\\\/\",\"https:\\\/\\\/www.instagram.com\\\/loftfx\\\/?hl=de\",\"https:\\\/\\\/de.pinterest.com\\\/mrloftfx\\\/\",\"https:\\\/\\\/www.youtube.com\\\/channel\\\/UCWMutfP4xUCvusbnaMsSB7g\"],\"description\":\"Loft FX GmbH ist Ihr Experte f\u00fcr exklusive Loftt\u00fcren, Glast\u00fcren und Raumteiler aus Stahl und Glas. Unsere Kollektion Prestige 2.0 vereint minimalistisches Design mit h\u00f6chster Funktionalit\u00e4t \u2013 gefertigt aus feinen Stahlrahmen und Sicherheitsglas. Jede Loftt\u00fcr wird individuell nach Ma\u00df entworfen und produziert \u2013 als Dreht\u00fcr, Schiebet\u00fcr oder Pivot-T\u00fcr. Ob im Wohnzimmer, B\u00fcro oder Loft \u2013 unsere ma\u00dfgefertigten Stahlt\u00fcren schaffen mehr Licht, Struktur und Raumgef\u00fchl. Mit pr\u00e4ziser Handwerkskunst und eleganter \u00c4sthetik steht Loft FX f\u00fcr zeitlose Qualit\u00e4t \u201eMade in Germany\u201c. Ihr Stil. Ihre Ma\u00dfe. Ihre LoftFX T\u00fcr\",\"legalName\":\"LOFT FX GmbH\",\"numberOfEmployees\":{\"@type\":\"QuantitativeValue\",\"minValue\":\"11\",\"maxValue\":\"50\"},\"telephone\":[],\"openingHoursSpecification\":[{\"@type\":\"OpeningHoursSpecification\",\"dayOfWeek\":[\"Monday\",\"Tuesday\",\"Wednesday\",\"Thursday\",\"Friday\",\"Saturday\",\"Sunday\"],\"opens\":\"09:00\",\"closes\":\"17:00\"}]},{\"@type\":\"ImageObject\",\"inLanguage\":\"en-US\",\"@id\":\"https:\\\/\\\/www.loftfx.de\\\/en\\\/loft-sliding-doors\\\/#local-main-organization-logo\",\"url\":\"https:\\\/\\\/www.loftfx.de\\\/wp-content\\\/uploads\\\/2025\\\/07\\\/cropped-LoftFX_Logotype_Black_RGB-1.png\",\"contentUrl\":\"https:\\\/\\\/www.loftfx.de\\\/wp-content\\\/uploads\\\/2025\\\/07\\\/cropped-LoftFX_Logotype_Black_RGB-1.png\",\"width\":1621,\"height\":656,\"caption\":\"LOFT FX GmbH\"}]}<\/script>\n<!-- \/ Yoast SEO Premium plugin. -->","yoast_head_json":{"title":"Sliding doors: quiet operation, large openings - LoftFX","description":"Sliding doors for narrow spaces and large passageways: quiet operation, soft close, concealed guide. Made to measure.","robots":{"index":"index","follow":"follow","max-snippet":"max-snippet:-1","max-image-preview":"max-image-preview:large","max-video-preview":"max-video-preview:-1"},"canonical":"https:\/\/www.loftfx.de\/en\/loft-sliding-doors\/","og_locale":"en_US","og_type":"article","og_title":"Loft Sliding Doors","og_description":"Sliding doors for narrow spaces and large passageways: quiet operation, soft close, concealed guide. Made to measure.","og_url":"https:\/\/www.loftfx.de\/en\/loft-sliding-doors\/","og_site_name":"LoftFX","article_publisher":"https:\/\/www.facebook.com\/p\/Loftfx-100063861227084\/","article_modified_time":"2025-10-30T16:34:47+00:00","og_image":[{"width":660,"height":905,"url":"https:\/\/www.loftfx.de\/wp-content\/uploads\/2025\/06\/Przesowne1.png","type":"image\/png"}],"twitter_card":"summary_large_image","twitter_misc":{"Est. reading time":"3 minutes"},"schema":{"@context":"https:\/\/schema.org","@graph":[{"@type":"WebPage","@id":"https:\/\/www.loftfx.de\/en\/loft-sliding-doors\/","url":"https:\/\/www.loftfx.de\/en\/loft-sliding-doors\/","name":"Sliding doors: quiet operation, large openings - LoftFX","isPartOf":{"@id":"https:\/\/www.loftfx.de\/en\/#website"},"primaryImageOfPage":{"@id":"https:\/\/www.loftfx.de\/en\/loft-sliding-doors\/#primaryimage"},"image":{"@id":"https:\/\/www.loftfx.de\/en\/loft-sliding-doors\/#primaryimage"},"thumbnailUrl":"https:\/\/www.loftfx.de\/wp-content\/uploads\/2025\/06\/Przesowne1.png","datePublished":"2025-10-24T12:37:33+00:00","dateModified":"2025-10-30T16:34:47+00:00","description":"Sliding doors for narrow spaces and large passageways: quiet operation, soft close, concealed guide. Made to measure.","breadcrumb":{"@id":"https:\/\/www.loftfx.de\/en\/loft-sliding-doors\/#breadcrumb"},"inLanguage":"en-US","potentialAction":[{"@type":"ReadAction","target":["https:\/\/www.loftfx.de\/en\/loft-sliding-doors\/"]}]},{"@type":"ImageObject","inLanguage":"en-US","@id":"https:\/\/www.loftfx.de\/en\/loft-sliding-doors\/#primaryimage","url":"https:\/\/www.loftfx.de\/wp-content\/uploads\/2025\/06\/Przesowne1.png","contentUrl":"https:\/\/www.loftfx.de\/wp-content\/uploads\/2025\/06\/Przesowne1.png"},{"@type":"BreadcrumbList","@id":"https:\/\/www.loftfx.de\/en\/loft-sliding-doors\/#breadcrumb","itemListElement":[{"@type":"ListItem","position":1,"name":"Startseite","item":"https:\/\/www.loftfx.de\/en\/"},{"@type":"ListItem","position":2,"name":"Loft Sliding Doors"}]},{"@type":"WebSite","@id":"https:\/\/www.loftfx.de\/en\/#website","url":"https:\/\/www.loftfx.de\/en\/","name":"LoftFX","description":"","publisher":{"@id":"https:\/\/www.loftfx.de\/en\/#organization"},"potentialAction":[{"@type":"SearchAction","target":{"@type":"EntryPoint","urlTemplate":"https:\/\/www.loftfx.de\/en\/?s={search_term_string}"},"query-input":{"@type":"PropertyValueSpecification","valueRequired":true,"valueName":"search_term_string"}}],"inLanguage":"en-US"},{"@type":["Organization","Place"],"@id":"https:\/\/www.loftfx.de\/en\/#organization","name":"LOFT FX GmbH","alternateName":"LOFT FX GmbH","url":"https:\/\/www.loftfx.de\/en\/","logo":{"@id":"https:\/\/www.loftfx.de\/en\/loft-sliding-doors\/#local-main-organization-logo"},"image":{"@id":"https:\/\/www.loftfx.de\/en\/loft-sliding-doors\/#local-main-organization-logo"},"sameAs":["https:\/\/www.facebook.com\/p\/Loftfx-100063861227084\/","https:\/\/www.instagram.com\/loftfx\/?hl=de","https:\/\/de.pinterest.com\/mrloftfx\/","https:\/\/www.youtube.com\/channel\/UCWMutfP4xUCvusbnaMsSB7g"],"description":"Loft FX GmbH ist Ihr Experte f\u00fcr exklusive Loftt\u00fcren, Glast\u00fcren und Raumteiler aus Stahl und Glas. Unsere Kollektion Prestige 2.0 vereint minimalistisches Design mit h\u00f6chster Funktionalit\u00e4t \u2013 gefertigt aus feinen Stahlrahmen und Sicherheitsglas. Jede Loftt\u00fcr wird individuell nach Ma\u00df entworfen und produziert \u2013 als Dreht\u00fcr, Schiebet\u00fcr oder Pivot-T\u00fcr. Ob im Wohnzimmer, B\u00fcro oder Loft \u2013 unsere ma\u00dfgefertigten Stahlt\u00fcren schaffen mehr Licht, Struktur und Raumgef\u00fchl. Mit pr\u00e4ziser Handwerkskunst und eleganter \u00c4sthetik steht Loft FX f\u00fcr zeitlose Qualit\u00e4t \u201eMade in Germany\u201c. Ihr Stil. Ihre Ma\u00dfe. Ihre LoftFX T\u00fcr","legalName":"LOFT FX GmbH","numberOfEmployees":{"@type":"QuantitativeValue","minValue":"11","maxValue":"50"},"telephone":[],"openingHoursSpecification":[{"@type":"OpeningHoursSpecification","dayOfWeek":["Monday","Tuesday","Wednesday","Thursday","Friday","Saturday","Sunday"],"opens":"09:00","closes":"17:00"}]},{"@type":"ImageObject","inLanguage":"en-US","@id":"https:\/\/www.loftfx.de\/en\/loft-sliding-doors\/#local-main-organization-logo","url":"https:\/\/www.loftfx.de\/wp-content\/uploads\/2025\/07\/cropped-LoftFX_Logotype_Black_RGB-1.png","contentUrl":"https:\/\/www.loftfx.de\/wp-content\/uploads\/2025\/07\/cropped-LoftFX_Logotype_Black_RGB-1.png","width":1621,"height":656,"caption":"LOFT FX GmbH"}]}},"_links":{"self":[{"href":"https:\/\/www.loftfx.de\/en\/wp-json\/wp\/v2\/pages\/16229","targetHints":{"allow":["GET"]}}],"collection":[{"href":"https:\/\/www.loftfx.de\/en\/wp-json\/wp\/v2\/pages"}],"about":[{"href":"https:\/\/www.loftfx.de\/en\/wp-json\/wp\/v2\/types\/page"}],"author":[{"embeddable":true,"href":"https:\/\/www.loftfx.de\/en\/wp-json\/wp\/v2\/users\/7"}],"replies":[{"embeddable":true,"href":"https:\/\/www.loftfx.de\/en\/wp-json\/wp\/v2\/comments?post=16229"}],"version-history":[{"count":1,"href":"https:\/\/www.loftfx.de\/en\/wp-json\/wp\/v2\/pages\/16229\/revisions"}],"predecessor-version":[{"id":16230,"href":"https:\/\/www.loftfx.de\/en\/wp-json\/wp\/v2\/pages\/16229\/revisions\/16230"}],"wp:attachment":[{"href":"https:\/\/www.loftfx.de\/en\/wp-json\/wp\/v2\/media?parent=16229"}],"curies":[{"name":"wp","href":"https:\/\/api.w.org\/{rel}","templated":true}]}}