{"id":11902,"date":"2025-05-19T14:49:32","date_gmt":"2025-05-19T14:49:32","guid":{"rendered":"https:\/\/loftfx.de\/widerrufsbelehrung\/"},"modified":"2025-09-29T20:54:53","modified_gmt":"2025-09-29T20:54:53","slug":"widerrufsbelehrung","status":"publish","type":"page","link":"https:\/\/www.loftfx.de\/en\/widerrufsbelehrung\/","title":{"rendered":"widerrufsbelehrung"},"content":{"rendered":"\t\t<div data-elementor-type=\"wp-page\" data-elementor-id=\"11902\" class=\"elementor elementor-11902 elementor-7803\" data-elementor-post-type=\"page\">\n\t\t\t\t<div class=\"elementor-element elementor-element-d76eb0e e-flex e-con-boxed e-con e-parent\" data-id=\"d76eb0e\" data-element_type=\"container\" data-e-type=\"container\" data-settings=\"{&quot;enable_glow_container&quot;:&quot;no&quot;}\">\n\t\t\t\t\t<div class=\"e-con-inner\">\n\t\t\t\t<div class=\"elementor-element elementor-element-d812b69 elementor-widget elementor-widget-text-editor\" data-id=\"d812b69\" data-element_type=\"widget\" data-e-type=\"widget\" data-widget_type=\"text-editor.default\">\n\t\t\t\t<div class=\"elementor-widget-container\">\n\t\t\t\t\t\t\t\t\t<h2>Widerrufsbelehrung &amp; Widerrufsformular<\/h2><p>Verbrauchern steht ein Widerrufsrecht nach folgender Ma\u00dfgabe zu, wobei Verbraucher jede nat\u00fcrliche Person ist, die ein Rechtsgesch\u00e4ft zu Zwecken abschlie\u00dft, die \u00fcberwiegend weder ihrer gewerblichen noch ihrer selbst\u00e4ndigen beruflichen T\u00e4tigkeit zugerechnet werden k\u00f6nnen:<\/p><h3>I. Widerrufsbelehrung<\/h3><p>Verbraucher haben ein vierzehnt\u00e4giges Widerrufsrecht.<\/p><h4>Widerrufsrecht<\/h4><p>Sie haben das Recht, binnen vierzehn Tagen ohne Angabe von Gr\u00fcnden diesen Vertrag zu widerrufen. Die Widerrufsfrist betr\u00e4gt vierzehn Tage ab dem Tag, an dem Sie oder ein von Ihnen benannter Dritter, der nicht der Bef\u00f6rderer ist, die letzte Ware in Besitz genommen haben bzw. hat.<\/p><p>Um Ihr Widerrufsrecht auszu\u00fcben, m\u00fcssen Sie uns (LoftFX GmbH, Steinhof 10a, 40699 Erkrath, Deutschland, E-Mail: <a href=\"mailto:info@loftfx.de\">info@loftfx.de,<\/a> Phone: +49 (0) 211 &#8211; 59838141) mittels einer eindeutigen Erkl\u00e4rung (z.B. ein mit der Post versandter Brief oder E-Mail) \u00fcber Ihren Entschluss, diesen Vertrag zu widerrufen, informieren. Sie k\u00f6nnen daf\u00fcr das beigef\u00fcgte Muster-Widerrufsformular verwenden, das jedoch nicht vorgeschrieben ist.<\/p><p>Zur Wahrung der Widerrufsfrist reicht es aus, dass Sie die Mitteilung \u00fcber die Aus\u00fcbung des Widerrufsrechts vor Ablauf der Widerrufsfrist absenden.<\/p><h4>Folgen des Widerrufs<\/h4><p>Wenn Sie diesen Vertrag widerrufen, haben wir Ihnen alle Zahlungen, die wir von Ihnen erhalten haben, einschlie\u00dflich der Lieferkosten (mit Ausnahme der zus\u00e4tzlichen Kosten, die sich daraus ergeben, dass Sie eine andere Art der Lieferung als die von uns angebotene, g\u00fcnstigste Standardlieferung gew\u00e4hlt haben), unverz\u00fcglich und sp\u00e4testens binnen vierzehn Tagen ab dem Tag zur\u00fcckzuzahlen, an dem die Mitteilung \u00fcber Ihren Widerruf dieses Vertrags bei uns eingegangen ist. F\u00fcr diese R\u00fcckzahlung verwenden wir dasselbe Zahlungsmittel, das Sie bei der urspr\u00fcnglichen Transaktion eingesetzt haben, es sei denn, mit Ihnen wurde ausdr\u00fccklich etwas anderes vereinbart; in keinem Fall werden Ihnen wegen dieser R\u00fcckzahlung Entgelte berechnet. Wir k\u00f6nnen die R\u00fcckzahlung verweigern, bis wir die Waren wieder zur\u00fcckerhalten haben oder bis Sie den Nachweis erbracht haben, dass Sie die Waren zur\u00fcckgesandt haben, je nachdem, welches der fr\u00fchere Zeitpunkt ist.<\/p><p>Sie haben die Waren unverz\u00fcglich und in jedem Fall sp\u00e4testens binnen vierzehn Tagen ab dem Tag, an dem Sie uns \u00fcber den Widerruf dieses Vertrags unterrichten, an uns zur\u00fcckzusenden oder zu \u00fcbergeben. Die Frist ist gewahrt, wenn Sie die Waren vor Ablauf der Frist von vierzehn Tagen absenden.<\/p><p>Wir tragen die Kosten der R\u00fccksendung solcher Waren, die aufgrund ihrer Beschaffenheit normal mit der Post an uns zur\u00fcckgesandt werden k\u00f6nnen. Sie tragen die unmittelbaren Kosten der R\u00fccksendung solcher Waren, die aufgrund ihrer Beschaffenheit nicht normal mit der Post an uns zur\u00fcckgesandt werden k\u00f6nnen (Speditionsware), welche f\u00fcr jede derartige Ware auf h\u00f6chstens etwa 195,00 Euro gesch\u00e4tzt werden.<\/p><p>Sie m\u00fcssen f\u00fcr einen etwaigen Wertverlust der Waren nur aufkommen, wenn dieser Wertverlust auf einen zur Pr\u00fcfung der Beschaffenheit, Eigenschaften und Funktionsweise der Waren nicht notwendigen Umgang mit ihnen zur\u00fcckzuf\u00fchren ist.<\/p><h4>Ausschluss bzw. vorzeitiges Erl\u00f6schen des Widerrufsrechts<\/h4><p>Das Widerrufsrecht besteht nicht bei Vertr\u00e4gen zur Lieferung von Waren, die nicht vorgefertigt sind und f\u00fcr deren Herstellung eine individuelle Auswahl oder Bestimmung durch den Verbraucher ma\u00dfgeblich ist oder die eindeutig auf die pers\u00f6nlichen Bed\u00fcrfnisse des Verbrauchers zugeschnitten sind.<\/p><p>Das Widerrufsrecht erlischt vorzeitig bei Vertr\u00e4gen zur Lieferung von Waren, wenn diese nach der Lieferung auf Grund ihrer Beschaffenheit untrennbar mit anderen G\u00fctern vermischt wurden.<\/p><p>Das Widerrufsrecht gilt nicht f\u00fcr Verbraucher, die zum Zeitpunkt des Vertragsschlusses keinem Mitgliedstaat der Europ\u00e4ischen Union angeh\u00f6ren und deren alleiniger Wohnsitz und Lieferadresse zum Zeitpunkt des Vertragsschlusses au\u00dferhalb der Europ\u00e4ischen Union liegen.<\/p><h3>II. Widerrufsformular<\/h3><h4>Muster-Widerrufsformular<\/h4><p>(Wenn Sie den Vertrag widerrufen wollen, dann f\u00fcllen Sie bitte dieses Formular aus und senden Sie es zur\u00fcck).<\/p><ul><li>An<br><strong>LoftFX GmbH<\/strong><br>Steinhof 10a<br>40699 Erkrath, Deutschland<br>E-Mail: <a href=\"mailto:info@loftfx.de\">info@loftfx.de<\/a><\/li><li>Hiermit widerrufe(n) ich\/wir (*) den von mir\/uns (*) abgeschlossenen Vertrag \u00fcber den Kauf der folgenden Waren (*)\/die Erbringung der folgenden Dienstleistung (*)<\/li><li>Bestellt am (*) \/ erhalten am(*)<\/li><li>Name des\/der Verbraucher(s)<\/li><li>Anschrift des\/der Verbraucher(s)<\/li><li>Unterschrift des\/der Verbraucher(s) (nur bei Mitteilung auf Papier)<\/li><li>Datum<br><br><\/li><\/ul><p>(*) Unzutreffendes streichen.<\/p>\t\t\t\t\t\t\t\t<\/div>\n\t\t\t\t<\/div>\n\t\t\t\t\t<\/div>\n\t\t\t\t<\/div>\n\t\t\t\t<\/div>\n\t\t","protected":false},"excerpt":{"rendered":"<p>Widerrufsbelehrung &amp; Widerrufsformular Verbrauchern steht ein Widerrufsrecht nach folgender Ma\u00dfgabe zu, wobei Verbraucher jede nat\u00fcrliche Person ist, die ein Rechtsgesch\u00e4ft zu Zwecken abschlie\u00dft, die \u00fcberwiegend weder ihrer gewerblichen noch ihrer selbst\u00e4ndigen beruflichen T\u00e4tigkeit zugerechnet werden k\u00f6nnen: I. Widerrufsbelehrung Verbraucher haben ein vierzehnt\u00e4giges Widerrufsrecht. Widerrufsrecht Sie haben das Recht, binnen vierzehn Tagen ohne Angabe von Gr\u00fcnden [&hellip;]<\/p>\n","protected":false},"author":2,"featured_media":0,"parent":0,"menu_order":0,"comment_status":"closed","ping_status":"closed","template":"","meta":{"footnotes":""},"class_list":["post-11902","page","type-page","status-publish","hentry"],"yoast_head":"<!-- This site is optimized with the Yoast SEO Premium plugin v27.0 (Yoast SEO v27.4) - https:\/\/yoast.com\/product\/yoast-seo-premium-wordpress\/ -->\n<title>Cancellation policy: Rights, deadlines &amp; returns - LoftFX<\/title>\n<meta name=\"description\" content=\"Information on the right of withdrawal, deadlines, returns, and refunds in accordance with consumer law. Transparent and understandable.\" \/>\n<meta name=\"robots\" content=\"index, follow, max-snippet:-1, max-image-preview:large, max-video-preview:-1\" \/>\n<link rel=\"canonical\" href=\"https:\/\/www.loftfx.de\/en\/widerrufsbelehrung\/\" \/>\n<meta property=\"og:locale\" content=\"en_US\" \/>\n<meta property=\"og:type\" content=\"article\" \/>\n<meta property=\"og:title\" content=\"widerrufsbelehrung\" \/>\n<meta property=\"og:description\" content=\"Information on the right of withdrawal, deadlines, returns, and refunds in accordance with consumer law. Transparent and understandable.\" \/>\n<meta property=\"og:url\" content=\"https:\/\/www.loftfx.de\/en\/widerrufsbelehrung\/\" \/>\n<meta property=\"og:site_name\" content=\"LoftFX\" \/>\n<meta property=\"article:publisher\" content=\"https:\/\/www.facebook.com\/p\/Loftfx-100063861227084\/\" \/>\n<meta property=\"article:modified_time\" content=\"2025-09-29T20:54:53+00:00\" \/>\n<meta name=\"twitter:card\" content=\"summary_large_image\" \/>\n<meta name=\"twitter:label1\" content=\"Est. reading time\" \/>\n\t<meta name=\"twitter:data1\" content=\"4 minutes\" \/>\n<script type=\"application\/ld+json\" class=\"yoast-schema-graph\">{\"@context\":\"https:\\\/\\\/schema.org\",\"@graph\":[{\"@type\":\"WebPage\",\"@id\":\"https:\\\/\\\/www.loftfx.de\\\/en\\\/widerrufsbelehrung\\\/\",\"url\":\"https:\\\/\\\/www.loftfx.de\\\/en\\\/widerrufsbelehrung\\\/\",\"name\":\"Cancellation policy: Rights, deadlines & returns - LoftFX\",\"isPartOf\":{\"@id\":\"https:\\\/\\\/www.loftfx.de\\\/en\\\/#website\"},\"datePublished\":\"2025-05-19T14:49:32+00:00\",\"dateModified\":\"2025-09-29T20:54:53+00:00\",\"description\":\"Information on the right of withdrawal, deadlines, returns, and refunds in accordance with consumer law. Transparent and understandable.\",\"breadcrumb\":{\"@id\":\"https:\\\/\\\/www.loftfx.de\\\/en\\\/widerrufsbelehrung\\\/#breadcrumb\"},\"inLanguage\":\"en-US\",\"potentialAction\":[{\"@type\":\"ReadAction\",\"target\":[\"https:\\\/\\\/www.loftfx.de\\\/en\\\/widerrufsbelehrung\\\/\"]}]},{\"@type\":\"BreadcrumbList\",\"@id\":\"https:\\\/\\\/www.loftfx.de\\\/en\\\/widerrufsbelehrung\\\/#breadcrumb\",\"itemListElement\":[{\"@type\":\"ListItem\",\"position\":1,\"name\":\"Startseite\",\"item\":\"https:\\\/\\\/www.loftfx.de\\\/en\\\/\"},{\"@type\":\"ListItem\",\"position\":2,\"name\":\"widerrufsbelehrung\"}]},{\"@type\":\"WebSite\",\"@id\":\"https:\\\/\\\/www.loftfx.de\\\/en\\\/#website\",\"url\":\"https:\\\/\\\/www.loftfx.de\\\/en\\\/\",\"name\":\"LoftFX\",\"description\":\"\",\"publisher\":{\"@id\":\"https:\\\/\\\/www.loftfx.de\\\/en\\\/#organization\"},\"potentialAction\":[{\"@type\":\"SearchAction\",\"target\":{\"@type\":\"EntryPoint\",\"urlTemplate\":\"https:\\\/\\\/www.loftfx.de\\\/en\\\/?s={search_term_string}\"},\"query-input\":{\"@type\":\"PropertyValueSpecification\",\"valueRequired\":true,\"valueName\":\"search_term_string\"}}],\"inLanguage\":\"en-US\"},{\"@type\":[\"Organization\",\"Place\"],\"@id\":\"https:\\\/\\\/www.loftfx.de\\\/en\\\/#organization\",\"name\":\"LOFT FX GmbH\",\"alternateName\":\"LOFT FX GmbH\",\"url\":\"https:\\\/\\\/www.loftfx.de\\\/en\\\/\",\"logo\":{\"@id\":\"https:\\\/\\\/www.loftfx.de\\\/en\\\/widerrufsbelehrung\\\/#local-main-organization-logo\"},\"image\":{\"@id\":\"https:\\\/\\\/www.loftfx.de\\\/en\\\/widerrufsbelehrung\\\/#local-main-organization-logo\"},\"sameAs\":[\"https:\\\/\\\/www.facebook.com\\\/p\\\/Loftfx-100063861227084\\\/\",\"https:\\\/\\\/www.instagram.com\\\/loftfx\\\/?hl=de\",\"https:\\\/\\\/de.pinterest.com\\\/mrloftfx\\\/\",\"https:\\\/\\\/www.youtube.com\\\/channel\\\/UCWMutfP4xUCvusbnaMsSB7g\"],\"description\":\"Loft FX GmbH ist Ihr Experte f\u00fcr exklusive Loftt\u00fcren, Glast\u00fcren und Raumteiler aus Stahl und Glas. Unsere Kollektion Prestige 2.0 vereint minimalistisches Design mit h\u00f6chster Funktionalit\u00e4t \u2013 gefertigt aus feinen Stahlrahmen und Sicherheitsglas. Jede Loftt\u00fcr wird individuell nach Ma\u00df entworfen und produziert \u2013 als Dreht\u00fcr, Schiebet\u00fcr oder Pivot-T\u00fcr. Ob im Wohnzimmer, B\u00fcro oder Loft \u2013 unsere ma\u00dfgefertigten Stahlt\u00fcren schaffen mehr Licht, Struktur und Raumgef\u00fchl. Mit pr\u00e4ziser Handwerkskunst und eleganter \u00c4sthetik steht Loft FX f\u00fcr zeitlose Qualit\u00e4t \u201eMade in Germany\u201c. Ihr Stil. Ihre Ma\u00dfe. Ihre LoftFX T\u00fcr\",\"legalName\":\"LOFT FX GmbH\",\"numberOfEmployees\":{\"@type\":\"QuantitativeValue\",\"minValue\":\"11\",\"maxValue\":\"50\"},\"telephone\":[],\"openingHoursSpecification\":[{\"@type\":\"OpeningHoursSpecification\",\"dayOfWeek\":[\"Monday\",\"Tuesday\",\"Wednesday\",\"Thursday\",\"Friday\",\"Saturday\",\"Sunday\"],\"opens\":\"09:00\",\"closes\":\"17:00\"}]},{\"@type\":\"ImageObject\",\"inLanguage\":\"en-US\",\"@id\":\"https:\\\/\\\/www.loftfx.de\\\/en\\\/widerrufsbelehrung\\\/#local-main-organization-logo\",\"url\":\"https:\\\/\\\/www.loftfx.de\\\/wp-content\\\/uploads\\\/2025\\\/07\\\/cropped-LoftFX_Logotype_Black_RGB-1.png\",\"contentUrl\":\"https:\\\/\\\/www.loftfx.de\\\/wp-content\\\/uploads\\\/2025\\\/07\\\/cropped-LoftFX_Logotype_Black_RGB-1.png\",\"width\":1621,\"height\":656,\"caption\":\"LOFT FX GmbH\"}]}<\/script>\n<!-- \/ Yoast SEO Premium plugin. -->","yoast_head_json":{"title":"Cancellation policy: Rights, deadlines & returns - LoftFX","description":"Information on the right of withdrawal, deadlines, returns, and refunds in accordance with consumer law. Transparent and understandable.","robots":{"index":"index","follow":"follow","max-snippet":"max-snippet:-1","max-image-preview":"max-image-preview:large","max-video-preview":"max-video-preview:-1"},"canonical":"https:\/\/www.loftfx.de\/en\/widerrufsbelehrung\/","og_locale":"en_US","og_type":"article","og_title":"widerrufsbelehrung","og_description":"Information on the right of withdrawal, deadlines, returns, and refunds in accordance with consumer law. Transparent and understandable.","og_url":"https:\/\/www.loftfx.de\/en\/widerrufsbelehrung\/","og_site_name":"LoftFX","article_publisher":"https:\/\/www.facebook.com\/p\/Loftfx-100063861227084\/","article_modified_time":"2025-09-29T20:54:53+00:00","twitter_card":"summary_large_image","twitter_misc":{"Est. reading time":"4 minutes"},"schema":{"@context":"https:\/\/schema.org","@graph":[{"@type":"WebPage","@id":"https:\/\/www.loftfx.de\/en\/widerrufsbelehrung\/","url":"https:\/\/www.loftfx.de\/en\/widerrufsbelehrung\/","name":"Cancellation policy: Rights, deadlines & returns - LoftFX","isPartOf":{"@id":"https:\/\/www.loftfx.de\/en\/#website"},"datePublished":"2025-05-19T14:49:32+00:00","dateModified":"2025-09-29T20:54:53+00:00","description":"Information on the right of withdrawal, deadlines, returns, and refunds in accordance with consumer law. Transparent and understandable.","breadcrumb":{"@id":"https:\/\/www.loftfx.de\/en\/widerrufsbelehrung\/#breadcrumb"},"inLanguage":"en-US","potentialAction":[{"@type":"ReadAction","target":["https:\/\/www.loftfx.de\/en\/widerrufsbelehrung\/"]}]},{"@type":"BreadcrumbList","@id":"https:\/\/www.loftfx.de\/en\/widerrufsbelehrung\/#breadcrumb","itemListElement":[{"@type":"ListItem","position":1,"name":"Startseite","item":"https:\/\/www.loftfx.de\/en\/"},{"@type":"ListItem","position":2,"name":"widerrufsbelehrung"}]},{"@type":"WebSite","@id":"https:\/\/www.loftfx.de\/en\/#website","url":"https:\/\/www.loftfx.de\/en\/","name":"LoftFX","description":"","publisher":{"@id":"https:\/\/www.loftfx.de\/en\/#organization"},"potentialAction":[{"@type":"SearchAction","target":{"@type":"EntryPoint","urlTemplate":"https:\/\/www.loftfx.de\/en\/?s={search_term_string}"},"query-input":{"@type":"PropertyValueSpecification","valueRequired":true,"valueName":"search_term_string"}}],"inLanguage":"en-US"},{"@type":["Organization","Place"],"@id":"https:\/\/www.loftfx.de\/en\/#organization","name":"LOFT FX GmbH","alternateName":"LOFT FX GmbH","url":"https:\/\/www.loftfx.de\/en\/","logo":{"@id":"https:\/\/www.loftfx.de\/en\/widerrufsbelehrung\/#local-main-organization-logo"},"image":{"@id":"https:\/\/www.loftfx.de\/en\/widerrufsbelehrung\/#local-main-organization-logo"},"sameAs":["https:\/\/www.facebook.com\/p\/Loftfx-100063861227084\/","https:\/\/www.instagram.com\/loftfx\/?hl=de","https:\/\/de.pinterest.com\/mrloftfx\/","https:\/\/www.youtube.com\/channel\/UCWMutfP4xUCvusbnaMsSB7g"],"description":"Loft FX GmbH ist Ihr Experte f\u00fcr exklusive Loftt\u00fcren, Glast\u00fcren und Raumteiler aus Stahl und Glas. Unsere Kollektion Prestige 2.0 vereint minimalistisches Design mit h\u00f6chster Funktionalit\u00e4t \u2013 gefertigt aus feinen Stahlrahmen und Sicherheitsglas. Jede Loftt\u00fcr wird individuell nach Ma\u00df entworfen und produziert \u2013 als Dreht\u00fcr, Schiebet\u00fcr oder Pivot-T\u00fcr. Ob im Wohnzimmer, B\u00fcro oder Loft \u2013 unsere ma\u00dfgefertigten Stahlt\u00fcren schaffen mehr Licht, Struktur und Raumgef\u00fchl. Mit pr\u00e4ziser Handwerkskunst und eleganter \u00c4sthetik steht Loft FX f\u00fcr zeitlose Qualit\u00e4t \u201eMade in Germany\u201c. Ihr Stil. Ihre Ma\u00dfe. Ihre LoftFX T\u00fcr","legalName":"LOFT FX GmbH","numberOfEmployees":{"@type":"QuantitativeValue","minValue":"11","maxValue":"50"},"telephone":[],"openingHoursSpecification":[{"@type":"OpeningHoursSpecification","dayOfWeek":["Monday","Tuesday","Wednesday","Thursday","Friday","Saturday","Sunday"],"opens":"09:00","closes":"17:00"}]},{"@type":"ImageObject","inLanguage":"en-US","@id":"https:\/\/www.loftfx.de\/en\/widerrufsbelehrung\/#local-main-organization-logo","url":"https:\/\/www.loftfx.de\/wp-content\/uploads\/2025\/07\/cropped-LoftFX_Logotype_Black_RGB-1.png","contentUrl":"https:\/\/www.loftfx.de\/wp-content\/uploads\/2025\/07\/cropped-LoftFX_Logotype_Black_RGB-1.png","width":1621,"height":656,"caption":"LOFT FX GmbH"}]}},"_links":{"self":[{"href":"https:\/\/www.loftfx.de\/en\/wp-json\/wp\/v2\/pages\/11902","targetHints":{"allow":["GET"]}}],"collection":[{"href":"https:\/\/www.loftfx.de\/en\/wp-json\/wp\/v2\/pages"}],"about":[{"href":"https:\/\/www.loftfx.de\/en\/wp-json\/wp\/v2\/types\/page"}],"author":[{"embeddable":true,"href":"https:\/\/www.loftfx.de\/en\/wp-json\/wp\/v2\/users\/2"}],"replies":[{"embeddable":true,"href":"https:\/\/www.loftfx.de\/en\/wp-json\/wp\/v2\/comments?post=11902"}],"version-history":[{"count":1,"href":"https:\/\/www.loftfx.de\/en\/wp-json\/wp\/v2\/pages\/11902\/revisions"}],"predecessor-version":[{"id":11903,"href":"https:\/\/www.loftfx.de\/en\/wp-json\/wp\/v2\/pages\/11902\/revisions\/11903"}],"wp:attachment":[{"href":"https:\/\/www.loftfx.de\/en\/wp-json\/wp\/v2\/media?parent=11902"}],"curies":[{"name":"wp","href":"https:\/\/api.w.org\/{rel}","templated":true}]}}