{"id":11901,"date":"2025-04-09T13:08:11","date_gmt":"2025-04-09T13:08:11","guid":{"rendered":"https:\/\/loftfx.de\/partner-panel\/"},"modified":"2025-06-21T15:47:27","modified_gmt":"2025-06-21T15:47:27","slug":"partner-panel","status":"publish","type":"page","link":"https:\/\/www.loftfx.de\/en\/partner-panel\/","title":{"rendered":"Partner Panel"},"content":{"rendered":"\t\t<div data-elementor-type=\"wp-page\" data-elementor-id=\"11901\" class=\"elementor elementor-11901 elementor-5594\" data-elementor-post-type=\"page\">\n\t\t\t\t<div class=\"elementor-element elementor-element-4cb2165 e-con-full e-flex e-con e-parent\" data-id=\"4cb2165\" data-element_type=\"container\" data-e-type=\"container\" data-settings=\"{&quot;background_background&quot;:&quot;classic&quot;,&quot;enable_glow_container&quot;:&quot;no&quot;}\">\n\t\t<div class=\"elementor-element elementor-element-0184aad e-con-full e-flex e-con e-child\" data-id=\"0184aad\" data-element_type=\"container\" data-e-type=\"container\" data-settings=\"{&quot;enable_glow_container&quot;:&quot;no&quot;}\">\n\t\t<div class=\"elementor-element elementor-element-b6c56de e-con-full e-flex e-con e-child\" data-id=\"b6c56de\" data-element_type=\"container\" data-e-type=\"container\" data-settings=\"{&quot;cew_animation_ease&quot;:&quot;cubic-bezier(0.33, 1, 0.68, 1)&quot;,&quot;cew_animation_enable&quot;:&quot;yes&quot;,&quot;cew_animation_translate_y_toggle&quot;:&quot;yes&quot;,&quot;cew_animation_from_translate_y&quot;:{&quot;unit&quot;:&quot;vw&quot;,&quot;size&quot;:5,&quot;sizes&quot;:[]},&quot;cew_animation_from_translate_y_tablet&quot;:{&quot;unit&quot;:&quot;vw&quot;,&quot;size&quot;:&quot;&quot;,&quot;sizes&quot;:[]},&quot;cew_animation_from_translate_y_mobile&quot;:{&quot;unit&quot;:&quot;vw&quot;,&quot;size&quot;:&quot;&quot;,&quot;sizes&quot;:[]},&quot;cew_animation_to_translate_y&quot;:{&quot;unit&quot;:&quot;vw&quot;,&quot;size&quot;:&quot;&quot;,&quot;sizes&quot;:[]},&quot;cew_animation_to_translate_y_tablet&quot;:{&quot;unit&quot;:&quot;vw&quot;,&quot;size&quot;:&quot;&quot;,&quot;sizes&quot;:[]},&quot;cew_animation_to_translate_y_mobile&quot;:{&quot;unit&quot;:&quot;vw&quot;,&quot;size&quot;:&quot;&quot;,&quot;sizes&quot;:[]},&quot;cew_animation_opacity_toggle&quot;:&quot;yes&quot;,&quot;enable_glow_container&quot;:&quot;no&quot;,&quot;cew_animation_duration&quot;:1,&quot;cew_animation_delay&quot;:0,&quot;cew_animation_from_opacity&quot;:0,&quot;cew_animation_to_opacity&quot;:1}\">\n\t\t\t\t<div class=\"elementor-element elementor-element-87d6a86 elementor-widget elementor-widget-heading\" data-id=\"87d6a86\" data-element_type=\"widget\" data-e-type=\"widget\" data-settings=\"{&quot;custom-text-animation&quot;:&quot;type3&quot;,&quot;disable_animation_on_mobile&quot;:&quot;no&quot;}\" data-widget_type=\"heading.default\">\n\t\t\t\t<div class=\"elementor-widget-container\">\n\t\t\t\t\t<div data-animation-type=\"type3\" ><h1 class=\"elementor-heading-title elementor-size-default\"><b>Partner Zone<\/b><br>Nice to see you<\/h1><\/div>\t\t\t\t<\/div>\n\t\t\t\t<\/div>\n\t\t\t\t<div class=\"elementor-element elementor-element-06bebe8 elementor-widget elementor-widget-text-editor\" data-id=\"06bebe8\" data-element_type=\"widget\" data-e-type=\"widget\" data-widget_type=\"text-editor.default\">\n\t\t\t\t<div class=\"elementor-widget-container\">\n\t\t\t\t\t\t\t\t\t<p>Log in to access the Partner Zone.<\/p>\t\t\t\t\t\t\t\t<\/div>\n\t\t\t\t<\/div>\n\t\t\t\t<div class=\"elementor-element elementor-element-1283b7b elementor-tablet-align-center elementor-widget elementor-widget-button\" data-id=\"1283b7b\" data-element_type=\"widget\" data-e-type=\"widget\" data-widget_type=\"button.default\">\n\t\t\t\t<div class=\"elementor-widget-container\">\n\t\t\t\t\t\t\t\t\t<div class=\"elementor-button-wrapper\">\n\t\t\t\t\t<a class=\"elementor-button elementor-button-link elementor-size-sm\" href=\"#\">\n\t\t\t\t\t\t<span class=\"elementor-button-content-wrapper\">\n\t\t\t\t\t\t\t\t\t<span class=\"elementor-button-text\">Sign in<\/span>\n\t\t\t\t\t<\/span>\n\t\t\t\t\t<\/a>\n\t\t\t\t<\/div>\n\t\t\t\t\t\t\t\t<\/div>\n\t\t\t\t<\/div>\n\t\t\t\t<\/div>\n\t\t\t\t<\/div>\n\t\t<div class=\"elementor-element elementor-element-cde150b e-con-full e-flex e-con e-child\" data-id=\"cde150b\" data-element_type=\"container\" data-e-type=\"container\" data-settings=\"{&quot;background_background&quot;:&quot;classic&quot;,&quot;cew_animation_ease&quot;:&quot;cubic-bezier(0.33, 1, 0.68, 1)&quot;,&quot;cew_animation_enable&quot;:&quot;yes&quot;,&quot;cew_animation_delay&quot;:0.2,&quot;cew_animation_translate_y_toggle&quot;:&quot;yes&quot;,&quot;cew_animation_from_translate_y&quot;:{&quot;unit&quot;:&quot;vw&quot;,&quot;size&quot;:4,&quot;sizes&quot;:[]},&quot;cew_animation_from_translate_y_tablet&quot;:{&quot;unit&quot;:&quot;vw&quot;,&quot;size&quot;:&quot;&quot;,&quot;sizes&quot;:[]},&quot;cew_animation_from_translate_y_mobile&quot;:{&quot;unit&quot;:&quot;vw&quot;,&quot;size&quot;:&quot;&quot;,&quot;sizes&quot;:[]},&quot;cew_animation_opacity_toggle&quot;:&quot;yes&quot;,&quot;enable_glow_container&quot;:&quot;no&quot;,&quot;cew_animation_duration&quot;:1,&quot;cew_animation_to_translate_y&quot;:{&quot;unit&quot;:&quot;%&quot;,&quot;size&quot;:0,&quot;sizes&quot;:[]},&quot;cew_animation_to_translate_y_tablet&quot;:{&quot;unit&quot;:&quot;px&quot;,&quot;size&quot;:&quot;&quot;,&quot;sizes&quot;:[]},&quot;cew_animation_to_translate_y_mobile&quot;:{&quot;unit&quot;:&quot;px&quot;,&quot;size&quot;:&quot;&quot;,&quot;sizes&quot;:[]},&quot;cew_animation_from_opacity&quot;:0,&quot;cew_animation_to_opacity&quot;:1}\">\n\t\t\t\t<div class=\"elementor-element elementor-element-7aa35da elementor-widget__width-initial elementor-widget elementor-widget-video\" data-id=\"7aa35da\" data-element_type=\"widget\" data-e-type=\"widget\" data-settings=\"{&quot;video_type&quot;:&quot;hosted&quot;,&quot;autoplay&quot;:&quot;yes&quot;,&quot;play_on_mobile&quot;:&quot;yes&quot;,&quot;mute&quot;:&quot;yes&quot;,&quot;loop&quot;:&quot;yes&quot;}\" data-widget_type=\"video.default\">\n\t\t\t\t<div class=\"elementor-widget-container\">\n\t\t\t\t\t\t\t<div class=\"e-hosted-video elementor-wrapper elementor-open-inline\">\n\t\t\t\t\t<video class=\"elementor-video\" src=\"https:\/\/www.loftfx.de\/wp-content\/uploads\/2025\/05\/Hey3-ezgif.com-video-speed.mp4\" autoplay=\"\" loop=\"\" muted=\"muted\" playsinline=\"\" controlsList=\"nodownload\"><\/video>\n\t\t\t\t<\/div>\n\t\t\t\t\t\t<\/div>\n\t\t\t\t<\/div>\n\t\t\t\t<\/div>\n\t\t\t\t<\/div>\n\t\t<div class=\"elementor-element elementor-element-d0564b8 e-con-full e-flex e-con e-parent\" data-id=\"d0564b8\" data-element_type=\"container\" data-e-type=\"container\" data-settings=\"{&quot;enable_glow_container&quot;:&quot;no&quot;}\">\n\t\t<div class=\"elementor-element elementor-element-85599e2 e-con-full e-flex e-con e-child\" data-id=\"85599e2\" data-element_type=\"container\" data-e-type=\"container\" data-settings=\"{&quot;enable_glow_container&quot;:&quot;no&quot;}\">\n\t\t\t\t<div class=\"elementor-element elementor-element-4352c43 elementor-widget elementor-widget-heading\" data-id=\"4352c43\" data-element_type=\"widget\" data-e-type=\"widget\" data-widget_type=\"heading.default\">\n\t\t\t\t<div class=\"elementor-widget-container\">\n\t\t\t\t\t<h2 class=\"elementor-heading-title elementor-size-default\"><b>Don't have an account? <\/b><span>Discover LoftFX <br>as a standard for professionals<\/span><\/h2>\t\t\t\t<\/div>\n\t\t\t\t<\/div>\n\t\t\t\t<\/div>\n\t\t\t\t<\/div>\n\t\t<div class=\"elementor-element elementor-element-eb3fde5 e-con-full e-flex e-con e-parent\" data-id=\"eb3fde5\" data-element_type=\"container\" data-e-type=\"container\" data-settings=\"{&quot;enable_glow_container&quot;:&quot;no&quot;}\">\n\t\t<a class=\"elementor-element elementor-element-bde369a e-con-full e-transform e-flex e-con e-child\" data-id=\"bde369a\" data-element_type=\"container\" data-e-type=\"container\" data-settings=\"{&quot;background_background&quot;:&quot;classic&quot;,&quot;_transform_scale_effect_hover&quot;:{&quot;unit&quot;:&quot;px&quot;,&quot;size&quot;:1.01,&quot;sizes&quot;:[]},&quot;enable_glow_container&quot;:&quot;no&quot;,&quot;_transform_scale_effect_hover_tablet&quot;:{&quot;unit&quot;:&quot;px&quot;,&quot;size&quot;:&quot;&quot;,&quot;sizes&quot;:[]},&quot;_transform_scale_effect_hover_mobile&quot;:{&quot;unit&quot;:&quot;px&quot;,&quot;size&quot;:&quot;&quot;,&quot;sizes&quot;:[]}}\" href=\"https:\/\/www.loftfx.de\/oferta-dla-instalatorow\/\">\n\t\t<div class=\"elementor-element elementor-element-1eb9fe8 e-con-full e-flex e-con e-child\" data-id=\"1eb9fe8\" data-element_type=\"container\" data-e-type=\"container\" data-settings=\"{&quot;enable_glow_container&quot;:&quot;no&quot;}\">\n\t\t\t\t<div class=\"elementor-element elementor-element-0e4433f elementor-widget elementor-widget-heading\" data-id=\"0e4433f\" data-element_type=\"widget\" data-e-type=\"widget\" data-widget_type=\"heading.default\">\n\t\t\t\t<div class=\"elementor-widget-container\">\n\t\t\t\t\t<h2 class=\"elementor-heading-title elementor-size-default\"><b>For <br>installers<\/b><\/h2>\t\t\t\t<\/div>\n\t\t\t\t<\/div>\n\t\t\t\t<div class=\"elementor-element elementor-element-df8db51 elementor-widget elementor-widget-text-editor\" data-id=\"df8db51\" data-element_type=\"widget\" data-e-type=\"widget\" data-widget_type=\"text-editor.default\">\n\t\t\t\t<div class=\"elementor-widget-container\">\n\t\t\t\t\t\t\t\t\t<p><strong>Perfect installation <br>without the guesswork.<\/strong> <br>All the technical details <br>and expert support.<\/p>\t\t\t\t\t\t\t\t<\/div>\n\t\t\t\t<\/div>\n\t\t\t\t<div class=\"elementor-element elementor-element-ead51ff elementor-align-left elementor-widget elementor-widget-button\" data-id=\"ead51ff\" data-element_type=\"widget\" data-e-type=\"widget\" data-widget_type=\"button.default\">\n\t\t\t\t<div class=\"elementor-widget-container\">\n\t\t\t\t\t\t\t\t\t<div class=\"elementor-button-wrapper\">\n\t\t\t\t\t<div class=\"elementor-button elementor-button-link elementor-size-sm\" href=\"#\">\n\t\t\t\t\t\t<span class=\"elementor-button-content-wrapper\">\n\t\t\t\t\t\t\t\t\t<span class=\"elementor-button-text\">Check out<\/span>\n\t\t\t\t\t<\/span>\n\t\t\t\t\t<\/div>\n\t\t\t\t<\/div>\n\t\t\t\t\t\t\t\t<\/div>\n\t\t\t\t<\/div>\n\t\t\t\t<\/div>\n\t\t\t\t<\/a>\n\t\t<a class=\"elementor-element elementor-element-3a3bb61 e-con-full e-transform e-flex e-con e-child\" data-id=\"3a3bb61\" data-element_type=\"container\" data-e-type=\"container\" data-settings=\"{&quot;background_background&quot;:&quot;classic&quot;,&quot;_transform_scale_effect_hover&quot;:{&quot;unit&quot;:&quot;px&quot;,&quot;size&quot;:1.01,&quot;sizes&quot;:[]},&quot;enable_glow_container&quot;:&quot;no&quot;,&quot;_transform_scale_effect_hover_tablet&quot;:{&quot;unit&quot;:&quot;px&quot;,&quot;size&quot;:&quot;&quot;,&quot;sizes&quot;:[]},&quot;_transform_scale_effect_hover_mobile&quot;:{&quot;unit&quot;:&quot;px&quot;,&quot;size&quot;:&quot;&quot;,&quot;sizes&quot;:[]}}\" href=\"https:\/\/www.loftfx.de\/oferta-dla-architektow\/\">\n\t\t<div class=\"elementor-element elementor-element-9e8c71f e-con-full e-flex e-con e-child\" data-id=\"9e8c71f\" data-element_type=\"container\" data-e-type=\"container\" data-settings=\"{&quot;enable_glow_container&quot;:&quot;no&quot;}\">\n\t\t\t\t<div class=\"elementor-element elementor-element-cbda6ab elementor-widget elementor-widget-heading\" data-id=\"cbda6ab\" data-element_type=\"widget\" data-e-type=\"widget\" data-widget_type=\"heading.default\">\n\t\t\t\t<div class=\"elementor-widget-container\">\n\t\t\t\t\t<h2 class=\"elementor-heading-title elementor-size-default\"><b>For <br>architects<\/b><\/h2>\t\t\t\t<\/div>\n\t\t\t\t<\/div>\n\t\t\t\t<div class=\"elementor-element elementor-element-bea1c1f elementor-widget elementor-widget-text-editor\" data-id=\"bea1c1f\" data-element_type=\"widget\" data-e-type=\"widget\" data-widget_type=\"text-editor.default\">\n\t\t\t\t<div class=\"elementor-widget-container\">\n\t\t\t\t\t\t\t\t\t<p><strong>Let&#8217;s build a higher <br><\/strong><strong>design<\/strong> <strong>standard together. <\/strong> <br>Create more efficiently while gaining <br>more time for creation.<\/p>\t\t\t\t\t\t\t\t<\/div>\n\t\t\t\t<\/div>\n\t\t\t\t<div class=\"elementor-element elementor-element-df045da elementor-align-left elementor-widget elementor-widget-button\" data-id=\"df045da\" data-element_type=\"widget\" data-e-type=\"widget\" data-widget_type=\"button.default\">\n\t\t\t\t<div class=\"elementor-widget-container\">\n\t\t\t\t\t\t\t\t\t<div class=\"elementor-button-wrapper\">\n\t\t\t\t\t<div class=\"elementor-button elementor-button-link elementor-size-sm\" href=\"#\">\n\t\t\t\t\t\t<span class=\"elementor-button-content-wrapper\">\n\t\t\t\t\t\t\t\t\t<span class=\"elementor-button-text\">Check out<\/span>\n\t\t\t\t\t<\/span>\n\t\t\t\t\t<\/div>\n\t\t\t\t<\/div>\n\t\t\t\t\t\t\t\t<\/div>\n\t\t\t\t<\/div>\n\t\t\t\t<\/div>\n\t\t\t\t<\/a>\n\t\t\t\t<\/div>\n\t\t<div class=\"elementor-element elementor-element-50f708b e-flex e-con-boxed e-con e-parent\" data-id=\"50f708b\" data-element_type=\"container\" data-e-type=\"container\" data-settings=\"{&quot;enable_glow_container&quot;:&quot;no&quot;}\">\n\t\t\t\t\t<div class=\"e-con-inner\">\n\t\t\t\t\t<\/div>\n\t\t\t\t<\/div>\n\t\t\t\t<\/div>\n\t\t","protected":false},"excerpt":{"rendered":"<p>Partner ZoneNice to see you Log in to access the Partner Zone. Sign in https:\/\/loftfx.de\/wp-content\/uploads\/2025\/05\/Hey3-ezgif.com-video-speed.mp4 Don&#8217;t have an account? Discover LoftFX as a standard for professionals For installers Perfect installation without the guesswork. All the technical details and expert support. Check out For architects Let&#8217;s build a higher design standard together. Create more efficiently while [&hellip;]<\/p>\n","protected":false},"author":1,"featured_media":0,"parent":0,"menu_order":0,"comment_status":"closed","ping_status":"closed","template":"","meta":{"footnotes":""},"class_list":["post-11901","page","type-page","status-publish","hentry"],"yoast_head":"<!-- This site is optimized with the Yoast SEO Premium plugin v27.0 (Yoast SEO v27.4) - https:\/\/yoast.com\/product\/yoast-seo-premium-wordpress\/ -->\n<title>Partner Panel - LoftFX<\/title>\n<meta name=\"robots\" content=\"index, follow, max-snippet:-1, max-image-preview:large, max-video-preview:-1\" \/>\n<link rel=\"canonical\" href=\"https:\/\/www.loftfx.de\/en\/partner-panel\/\" \/>\n<meta property=\"og:locale\" content=\"en_US\" \/>\n<meta property=\"og:type\" content=\"article\" \/>\n<meta property=\"og:title\" content=\"Partner Panel\" \/>\n<meta property=\"og:description\" content=\"Partner ZoneNice to see you Log in to access the Partner Zone. Sign in https:\/\/loftfx.de\/wp-content\/uploads\/2025\/05\/Hey3-ezgif.com-video-speed.mp4 Don&#8217;t have an account? Discover LoftFX as a standard for professionals For installers Perfect installation without the guesswork. All the technical details and expert support. Check out For architects Let&#8217;s build a higher design standard together. Create more efficiently while [&hellip;]\" \/>\n<meta property=\"og:url\" content=\"https:\/\/www.loftfx.de\/en\/partner-panel\/\" \/>\n<meta property=\"og:site_name\" content=\"LoftFX\" \/>\n<meta property=\"article:publisher\" content=\"https:\/\/www.facebook.com\/p\/Loftfx-100063861227084\/\" \/>\n<meta property=\"article:modified_time\" content=\"2025-06-21T15:47:27+00:00\" \/>\n<meta name=\"twitter:card\" content=\"summary_large_image\" \/>\n<script type=\"application\/ld+json\" class=\"yoast-schema-graph\">{\"@context\":\"https:\\\/\\\/schema.org\",\"@graph\":[{\"@type\":\"WebPage\",\"@id\":\"https:\\\/\\\/www.loftfx.de\\\/en\\\/partner-panel\\\/\",\"url\":\"https:\\\/\\\/www.loftfx.de\\\/en\\\/partner-panel\\\/\",\"name\":\"Partner Panel - LoftFX\",\"isPartOf\":{\"@id\":\"https:\\\/\\\/www.loftfx.de\\\/en\\\/#website\"},\"datePublished\":\"2025-04-09T13:08:11+00:00\",\"dateModified\":\"2025-06-21T15:47:27+00:00\",\"breadcrumb\":{\"@id\":\"https:\\\/\\\/www.loftfx.de\\\/en\\\/partner-panel\\\/#breadcrumb\"},\"inLanguage\":\"en-US\",\"potentialAction\":[{\"@type\":\"ReadAction\",\"target\":[\"https:\\\/\\\/www.loftfx.de\\\/en\\\/partner-panel\\\/\"]}]},{\"@type\":\"BreadcrumbList\",\"@id\":\"https:\\\/\\\/www.loftfx.de\\\/en\\\/partner-panel\\\/#breadcrumb\",\"itemListElement\":[{\"@type\":\"ListItem\",\"position\":1,\"name\":\"Startseite\",\"item\":\"https:\\\/\\\/www.loftfx.de\\\/en\\\/\"},{\"@type\":\"ListItem\",\"position\":2,\"name\":\"Partner Panel\"}]},{\"@type\":\"WebSite\",\"@id\":\"https:\\\/\\\/www.loftfx.de\\\/en\\\/#website\",\"url\":\"https:\\\/\\\/www.loftfx.de\\\/en\\\/\",\"name\":\"LoftFX\",\"description\":\"\",\"publisher\":{\"@id\":\"https:\\\/\\\/www.loftfx.de\\\/en\\\/#organization\"},\"potentialAction\":[{\"@type\":\"SearchAction\",\"target\":{\"@type\":\"EntryPoint\",\"urlTemplate\":\"https:\\\/\\\/www.loftfx.de\\\/en\\\/?s={search_term_string}\"},\"query-input\":{\"@type\":\"PropertyValueSpecification\",\"valueRequired\":true,\"valueName\":\"search_term_string\"}}],\"inLanguage\":\"en-US\"},{\"@type\":[\"Organization\",\"Place\"],\"@id\":\"https:\\\/\\\/www.loftfx.de\\\/en\\\/#organization\",\"name\":\"LOFT FX GmbH\",\"alternateName\":\"LOFT FX GmbH\",\"url\":\"https:\\\/\\\/www.loftfx.de\\\/en\\\/\",\"logo\":{\"@id\":\"https:\\\/\\\/www.loftfx.de\\\/en\\\/partner-panel\\\/#local-main-organization-logo\"},\"image\":{\"@id\":\"https:\\\/\\\/www.loftfx.de\\\/en\\\/partner-panel\\\/#local-main-organization-logo\"},\"sameAs\":[\"https:\\\/\\\/www.facebook.com\\\/p\\\/Loftfx-100063861227084\\\/\",\"https:\\\/\\\/www.instagram.com\\\/loftfx\\\/?hl=de\",\"https:\\\/\\\/de.pinterest.com\\\/mrloftfx\\\/\",\"https:\\\/\\\/www.youtube.com\\\/channel\\\/UCWMutfP4xUCvusbnaMsSB7g\"],\"description\":\"Loft FX GmbH ist Ihr Experte f\u00fcr exklusive Loftt\u00fcren, Glast\u00fcren und Raumteiler aus Stahl und Glas. Unsere Kollektion Prestige 2.0 vereint minimalistisches Design mit h\u00f6chster Funktionalit\u00e4t \u2013 gefertigt aus feinen Stahlrahmen und Sicherheitsglas. Jede Loftt\u00fcr wird individuell nach Ma\u00df entworfen und produziert \u2013 als Dreht\u00fcr, Schiebet\u00fcr oder Pivot-T\u00fcr. Ob im Wohnzimmer, B\u00fcro oder Loft \u2013 unsere ma\u00dfgefertigten Stahlt\u00fcren schaffen mehr Licht, Struktur und Raumgef\u00fchl. Mit pr\u00e4ziser Handwerkskunst und eleganter \u00c4sthetik steht Loft FX f\u00fcr zeitlose Qualit\u00e4t \u201eMade in Germany\u201c. Ihr Stil. Ihre Ma\u00dfe. Ihre LoftFX T\u00fcr\",\"legalName\":\"LOFT FX GmbH\",\"numberOfEmployees\":{\"@type\":\"QuantitativeValue\",\"minValue\":\"11\",\"maxValue\":\"50\"},\"telephone\":[],\"openingHoursSpecification\":[{\"@type\":\"OpeningHoursSpecification\",\"dayOfWeek\":[\"Monday\",\"Tuesday\",\"Wednesday\",\"Thursday\",\"Friday\",\"Saturday\",\"Sunday\"],\"opens\":\"09:00\",\"closes\":\"17:00\"}]},{\"@type\":\"ImageObject\",\"inLanguage\":\"en-US\",\"@id\":\"https:\\\/\\\/www.loftfx.de\\\/en\\\/partner-panel\\\/#local-main-organization-logo\",\"url\":\"https:\\\/\\\/www.loftfx.de\\\/wp-content\\\/uploads\\\/2025\\\/07\\\/cropped-LoftFX_Logotype_Black_RGB-1.png\",\"contentUrl\":\"https:\\\/\\\/www.loftfx.de\\\/wp-content\\\/uploads\\\/2025\\\/07\\\/cropped-LoftFX_Logotype_Black_RGB-1.png\",\"width\":1621,\"height\":656,\"caption\":\"LOFT FX GmbH\"}]}<\/script>\n<!-- \/ Yoast SEO Premium plugin. -->","yoast_head_json":{"title":"Partner Panel - LoftFX","robots":{"index":"index","follow":"follow","max-snippet":"max-snippet:-1","max-image-preview":"max-image-preview:large","max-video-preview":"max-video-preview:-1"},"canonical":"https:\/\/www.loftfx.de\/en\/partner-panel\/","og_locale":"en_US","og_type":"article","og_title":"Partner Panel","og_description":"Partner ZoneNice to see you Log in to access the Partner Zone. Sign in https:\/\/loftfx.de\/wp-content\/uploads\/2025\/05\/Hey3-ezgif.com-video-speed.mp4 Don&#8217;t have an account? Discover LoftFX as a standard for professionals For installers Perfect installation without the guesswork. All the technical details and expert support. Check out For architects Let&#8217;s build a higher design standard together. Create more efficiently while [&hellip;]","og_url":"https:\/\/www.loftfx.de\/en\/partner-panel\/","og_site_name":"LoftFX","article_publisher":"https:\/\/www.facebook.com\/p\/Loftfx-100063861227084\/","article_modified_time":"2025-06-21T15:47:27+00:00","twitter_card":"summary_large_image","schema":{"@context":"https:\/\/schema.org","@graph":[{"@type":"WebPage","@id":"https:\/\/www.loftfx.de\/en\/partner-panel\/","url":"https:\/\/www.loftfx.de\/en\/partner-panel\/","name":"Partner Panel - LoftFX","isPartOf":{"@id":"https:\/\/www.loftfx.de\/en\/#website"},"datePublished":"2025-04-09T13:08:11+00:00","dateModified":"2025-06-21T15:47:27+00:00","breadcrumb":{"@id":"https:\/\/www.loftfx.de\/en\/partner-panel\/#breadcrumb"},"inLanguage":"en-US","potentialAction":[{"@type":"ReadAction","target":["https:\/\/www.loftfx.de\/en\/partner-panel\/"]}]},{"@type":"BreadcrumbList","@id":"https:\/\/www.loftfx.de\/en\/partner-panel\/#breadcrumb","itemListElement":[{"@type":"ListItem","position":1,"name":"Startseite","item":"https:\/\/www.loftfx.de\/en\/"},{"@type":"ListItem","position":2,"name":"Partner Panel"}]},{"@type":"WebSite","@id":"https:\/\/www.loftfx.de\/en\/#website","url":"https:\/\/www.loftfx.de\/en\/","name":"LoftFX","description":"","publisher":{"@id":"https:\/\/www.loftfx.de\/en\/#organization"},"potentialAction":[{"@type":"SearchAction","target":{"@type":"EntryPoint","urlTemplate":"https:\/\/www.loftfx.de\/en\/?s={search_term_string}"},"query-input":{"@type":"PropertyValueSpecification","valueRequired":true,"valueName":"search_term_string"}}],"inLanguage":"en-US"},{"@type":["Organization","Place"],"@id":"https:\/\/www.loftfx.de\/en\/#organization","name":"LOFT FX GmbH","alternateName":"LOFT FX GmbH","url":"https:\/\/www.loftfx.de\/en\/","logo":{"@id":"https:\/\/www.loftfx.de\/en\/partner-panel\/#local-main-organization-logo"},"image":{"@id":"https:\/\/www.loftfx.de\/en\/partner-panel\/#local-main-organization-logo"},"sameAs":["https:\/\/www.facebook.com\/p\/Loftfx-100063861227084\/","https:\/\/www.instagram.com\/loftfx\/?hl=de","https:\/\/de.pinterest.com\/mrloftfx\/","https:\/\/www.youtube.com\/channel\/UCWMutfP4xUCvusbnaMsSB7g"],"description":"Loft FX GmbH ist Ihr Experte f\u00fcr exklusive Loftt\u00fcren, Glast\u00fcren und Raumteiler aus Stahl und Glas. Unsere Kollektion Prestige 2.0 vereint minimalistisches Design mit h\u00f6chster Funktionalit\u00e4t \u2013 gefertigt aus feinen Stahlrahmen und Sicherheitsglas. Jede Loftt\u00fcr wird individuell nach Ma\u00df entworfen und produziert \u2013 als Dreht\u00fcr, Schiebet\u00fcr oder Pivot-T\u00fcr. Ob im Wohnzimmer, B\u00fcro oder Loft \u2013 unsere ma\u00dfgefertigten Stahlt\u00fcren schaffen mehr Licht, Struktur und Raumgef\u00fchl. Mit pr\u00e4ziser Handwerkskunst und eleganter \u00c4sthetik steht Loft FX f\u00fcr zeitlose Qualit\u00e4t \u201eMade in Germany\u201c. Ihr Stil. Ihre Ma\u00dfe. Ihre LoftFX T\u00fcr","legalName":"LOFT FX GmbH","numberOfEmployees":{"@type":"QuantitativeValue","minValue":"11","maxValue":"50"},"telephone":[],"openingHoursSpecification":[{"@type":"OpeningHoursSpecification","dayOfWeek":["Monday","Tuesday","Wednesday","Thursday","Friday","Saturday","Sunday"],"opens":"09:00","closes":"17:00"}]},{"@type":"ImageObject","inLanguage":"en-US","@id":"https:\/\/www.loftfx.de\/en\/partner-panel\/#local-main-organization-logo","url":"https:\/\/www.loftfx.de\/wp-content\/uploads\/2025\/07\/cropped-LoftFX_Logotype_Black_RGB-1.png","contentUrl":"https:\/\/www.loftfx.de\/wp-content\/uploads\/2025\/07\/cropped-LoftFX_Logotype_Black_RGB-1.png","width":1621,"height":656,"caption":"LOFT FX GmbH"}]}},"_links":{"self":[{"href":"https:\/\/www.loftfx.de\/en\/wp-json\/wp\/v2\/pages\/11901","targetHints":{"allow":["GET"]}}],"collection":[{"href":"https:\/\/www.loftfx.de\/en\/wp-json\/wp\/v2\/pages"}],"about":[{"href":"https:\/\/www.loftfx.de\/en\/wp-json\/wp\/v2\/types\/page"}],"author":[{"embeddable":true,"href":"https:\/\/www.loftfx.de\/en\/wp-json\/wp\/v2\/users\/1"}],"replies":[{"embeddable":true,"href":"https:\/\/www.loftfx.de\/en\/wp-json\/wp\/v2\/comments?post=11901"}],"version-history":[{"count":1,"href":"https:\/\/www.loftfx.de\/en\/wp-json\/wp\/v2\/pages\/11901\/revisions"}],"predecessor-version":[{"id":11904,"href":"https:\/\/www.loftfx.de\/en\/wp-json\/wp\/v2\/pages\/11901\/revisions\/11904"}],"wp:attachment":[{"href":"https:\/\/www.loftfx.de\/en\/wp-json\/wp\/v2\/media?parent=11901"}],"curies":[{"name":"wp","href":"https:\/\/api.w.org\/{rel}","templated":true}]}}