{"id":11886,"date":"2025-05-07T14:44:17","date_gmt":"2025-05-07T14:44:17","guid":{"rendered":"https:\/\/loftfx.de\/test\/"},"modified":"2025-09-29T20:12:37","modified_gmt":"2025-09-29T20:12:37","slug":"product-configurator","status":"publish","type":"page","link":"https:\/\/www.loftfx.de\/en\/product-configurator\/","title":{"rendered":"Product Configurator"},"content":{"rendered":"\t\t<div data-elementor-type=\"wp-page\" data-elementor-id=\"11886\" class=\"elementor elementor-11886 elementor-6699\" data-elementor-post-type=\"page\">\n\t\t\t\t<div class=\"elementor-element elementor-element-1ea1b31 e-con-full e-flex e-con e-parent\" data-id=\"1ea1b31\" data-element_type=\"container\" data-e-type=\"container\" data-settings=\"{&quot;enable_glow_container&quot;:&quot;no&quot;}\">\n\t\t\t\t<div class=\"elementor-element elementor-element-a21b47e elementor-widget elementor-widget-html\" data-id=\"a21b47e\" data-element_type=\"widget\" data-e-type=\"widget\" data-widget_type=\"html.default\">\n\t\t\t\t<div class=\"elementor-widget-container\">\n\t\t\t\t\t<script type=\"module\" src=\"https:\/\/omniazarcommon.blob.core.windows.net\/scripts\/modular-releases\/daniel-dev\/procedural-configurator\/procedural-configurator.js\"><\/script>\n   <omniaz-procedural-configurator><\/omniaz-procedural-configurator>\t\t\t\t<\/div>\n\t\t\t\t<\/div>\n\t\t\t\t<\/div>\n\t\t\t\t<\/div>\n\t\t","protected":false},"excerpt":{"rendered":"","protected":false},"author":2,"featured_media":0,"parent":0,"menu_order":0,"comment_status":"closed","ping_status":"closed","template":"","meta":{"footnotes":""},"class_list":["post-11886","page","type-page","status-publish","hentry"],"yoast_head":"<!-- This site is optimized with the Yoast SEO Premium plugin v27.0 (Yoast SEO v27.4) - https:\/\/yoast.com\/product\/yoast-seo-premium-wordpress\/ -->\n<title>Product Configurator: plan loft doors online - LoftFX<\/title>\n<meta name=\"description\" content=\"Plan loft doors online: enter dimensions, select design, view visualization, and request a quote directly.\" \/>\n<meta name=\"robots\" content=\"index, follow, max-snippet:-1, max-image-preview:large, max-video-preview:-1\" \/>\n<link rel=\"canonical\" href=\"https:\/\/www.loftfx.de\/en\/product-configurator\/\" \/>\n<meta property=\"og:locale\" content=\"en_US\" \/>\n<meta property=\"og:type\" content=\"article\" \/>\n<meta property=\"og:title\" content=\"Product Configurator\" \/>\n<meta property=\"og:description\" content=\"Plan loft doors online: enter dimensions, select design, view visualization, and request a quote directly.\" \/>\n<meta property=\"og:url\" content=\"https:\/\/www.loftfx.de\/en\/product-configurator\/\" \/>\n<meta property=\"og:site_name\" content=\"LoftFX\" \/>\n<meta property=\"article:publisher\" content=\"https:\/\/www.facebook.com\/p\/Loftfx-100063861227084\/\" \/>\n<meta property=\"article:modified_time\" content=\"2025-09-29T20:12:37+00:00\" \/>\n<meta name=\"twitter:card\" content=\"summary_large_image\" \/>\n<script type=\"application\/ld+json\" class=\"yoast-schema-graph\">{\"@context\":\"https:\\\/\\\/schema.org\",\"@graph\":[{\"@type\":\"WebPage\",\"@id\":\"https:\\\/\\\/www.loftfx.de\\\/en\\\/product-configurator\\\/\",\"url\":\"https:\\\/\\\/www.loftfx.de\\\/en\\\/product-configurator\\\/\",\"name\":\"Product Configurator: plan loft doors online - LoftFX\",\"isPartOf\":{\"@id\":\"https:\\\/\\\/www.loftfx.de\\\/en\\\/#website\"},\"datePublished\":\"2025-05-07T14:44:17+00:00\",\"dateModified\":\"2025-09-29T20:12:37+00:00\",\"description\":\"Plan loft doors online: enter dimensions, select design, view visualization, and request a quote directly.\",\"breadcrumb\":{\"@id\":\"https:\\\/\\\/www.loftfx.de\\\/en\\\/product-configurator\\\/#breadcrumb\"},\"inLanguage\":\"en-US\",\"potentialAction\":[{\"@type\":\"ReadAction\",\"target\":[\"https:\\\/\\\/www.loftfx.de\\\/en\\\/product-configurator\\\/\"]}]},{\"@type\":\"BreadcrumbList\",\"@id\":\"https:\\\/\\\/www.loftfx.de\\\/en\\\/product-configurator\\\/#breadcrumb\",\"itemListElement\":[{\"@type\":\"ListItem\",\"position\":1,\"name\":\"Startseite\",\"item\":\"https:\\\/\\\/www.loftfx.de\\\/en\\\/\"},{\"@type\":\"ListItem\",\"position\":2,\"name\":\"Product Configurator\"}]},{\"@type\":\"WebSite\",\"@id\":\"https:\\\/\\\/www.loftfx.de\\\/en\\\/#website\",\"url\":\"https:\\\/\\\/www.loftfx.de\\\/en\\\/\",\"name\":\"LoftFX\",\"description\":\"\",\"publisher\":{\"@id\":\"https:\\\/\\\/www.loftfx.de\\\/en\\\/#organization\"},\"potentialAction\":[{\"@type\":\"SearchAction\",\"target\":{\"@type\":\"EntryPoint\",\"urlTemplate\":\"https:\\\/\\\/www.loftfx.de\\\/en\\\/?s={search_term_string}\"},\"query-input\":{\"@type\":\"PropertyValueSpecification\",\"valueRequired\":true,\"valueName\":\"search_term_string\"}}],\"inLanguage\":\"en-US\"},{\"@type\":[\"Organization\",\"Place\"],\"@id\":\"https:\\\/\\\/www.loftfx.de\\\/en\\\/#organization\",\"name\":\"LOFT FX GmbH\",\"alternateName\":\"LOFT FX GmbH\",\"url\":\"https:\\\/\\\/www.loftfx.de\\\/en\\\/\",\"logo\":{\"@id\":\"https:\\\/\\\/www.loftfx.de\\\/en\\\/product-configurator\\\/#local-main-organization-logo\"},\"image\":{\"@id\":\"https:\\\/\\\/www.loftfx.de\\\/en\\\/product-configurator\\\/#local-main-organization-logo\"},\"sameAs\":[\"https:\\\/\\\/www.facebook.com\\\/p\\\/Loftfx-100063861227084\\\/\",\"https:\\\/\\\/www.instagram.com\\\/loftfx\\\/?hl=de\",\"https:\\\/\\\/de.pinterest.com\\\/mrloftfx\\\/\",\"https:\\\/\\\/www.youtube.com\\\/channel\\\/UCWMutfP4xUCvusbnaMsSB7g\"],\"description\":\"Loft FX GmbH ist Ihr Experte f\u00fcr exklusive Loftt\u00fcren, Glast\u00fcren und Raumteiler aus Stahl und Glas. Unsere Kollektion Prestige 2.0 vereint minimalistisches Design mit h\u00f6chster Funktionalit\u00e4t \u2013 gefertigt aus feinen Stahlrahmen und Sicherheitsglas. Jede Loftt\u00fcr wird individuell nach Ma\u00df entworfen und produziert \u2013 als Dreht\u00fcr, Schiebet\u00fcr oder Pivot-T\u00fcr. Ob im Wohnzimmer, B\u00fcro oder Loft \u2013 unsere ma\u00dfgefertigten Stahlt\u00fcren schaffen mehr Licht, Struktur und Raumgef\u00fchl. Mit pr\u00e4ziser Handwerkskunst und eleganter \u00c4sthetik steht Loft FX f\u00fcr zeitlose Qualit\u00e4t \u201eMade in Germany\u201c. Ihr Stil. Ihre Ma\u00dfe. Ihre LoftFX T\u00fcr\",\"legalName\":\"LOFT FX GmbH\",\"numberOfEmployees\":{\"@type\":\"QuantitativeValue\",\"minValue\":\"11\",\"maxValue\":\"50\"},\"telephone\":[],\"openingHoursSpecification\":[{\"@type\":\"OpeningHoursSpecification\",\"dayOfWeek\":[\"Monday\",\"Tuesday\",\"Wednesday\",\"Thursday\",\"Friday\",\"Saturday\",\"Sunday\"],\"opens\":\"09:00\",\"closes\":\"17:00\"}]},{\"@type\":\"ImageObject\",\"inLanguage\":\"en-US\",\"@id\":\"https:\\\/\\\/www.loftfx.de\\\/en\\\/product-configurator\\\/#local-main-organization-logo\",\"url\":\"https:\\\/\\\/www.loftfx.de\\\/wp-content\\\/uploads\\\/2025\\\/07\\\/cropped-LoftFX_Logotype_Black_RGB-1.png\",\"contentUrl\":\"https:\\\/\\\/www.loftfx.de\\\/wp-content\\\/uploads\\\/2025\\\/07\\\/cropped-LoftFX_Logotype_Black_RGB-1.png\",\"width\":1621,\"height\":656,\"caption\":\"LOFT FX GmbH\"}]}<\/script>\n<!-- \/ Yoast SEO Premium plugin. -->","yoast_head_json":{"title":"Product Configurator: plan loft doors online - LoftFX","description":"Plan loft doors online: enter dimensions, select design, view visualization, and request a quote directly.","robots":{"index":"index","follow":"follow","max-snippet":"max-snippet:-1","max-image-preview":"max-image-preview:large","max-video-preview":"max-video-preview:-1"},"canonical":"https:\/\/www.loftfx.de\/en\/product-configurator\/","og_locale":"en_US","og_type":"article","og_title":"Product Configurator","og_description":"Plan loft doors online: enter dimensions, select design, view visualization, and request a quote directly.","og_url":"https:\/\/www.loftfx.de\/en\/product-configurator\/","og_site_name":"LoftFX","article_publisher":"https:\/\/www.facebook.com\/p\/Loftfx-100063861227084\/","article_modified_time":"2025-09-29T20:12:37+00:00","twitter_card":"summary_large_image","schema":{"@context":"https:\/\/schema.org","@graph":[{"@type":"WebPage","@id":"https:\/\/www.loftfx.de\/en\/product-configurator\/","url":"https:\/\/www.loftfx.de\/en\/product-configurator\/","name":"Product Configurator: plan loft doors online - LoftFX","isPartOf":{"@id":"https:\/\/www.loftfx.de\/en\/#website"},"datePublished":"2025-05-07T14:44:17+00:00","dateModified":"2025-09-29T20:12:37+00:00","description":"Plan loft doors online: enter dimensions, select design, view visualization, and request a quote directly.","breadcrumb":{"@id":"https:\/\/www.loftfx.de\/en\/product-configurator\/#breadcrumb"},"inLanguage":"en-US","potentialAction":[{"@type":"ReadAction","target":["https:\/\/www.loftfx.de\/en\/product-configurator\/"]}]},{"@type":"BreadcrumbList","@id":"https:\/\/www.loftfx.de\/en\/product-configurator\/#breadcrumb","itemListElement":[{"@type":"ListItem","position":1,"name":"Startseite","item":"https:\/\/www.loftfx.de\/en\/"},{"@type":"ListItem","position":2,"name":"Product Configurator"}]},{"@type":"WebSite","@id":"https:\/\/www.loftfx.de\/en\/#website","url":"https:\/\/www.loftfx.de\/en\/","name":"LoftFX","description":"","publisher":{"@id":"https:\/\/www.loftfx.de\/en\/#organization"},"potentialAction":[{"@type":"SearchAction","target":{"@type":"EntryPoint","urlTemplate":"https:\/\/www.loftfx.de\/en\/?s={search_term_string}"},"query-input":{"@type":"PropertyValueSpecification","valueRequired":true,"valueName":"search_term_string"}}],"inLanguage":"en-US"},{"@type":["Organization","Place"],"@id":"https:\/\/www.loftfx.de\/en\/#organization","name":"LOFT FX GmbH","alternateName":"LOFT FX GmbH","url":"https:\/\/www.loftfx.de\/en\/","logo":{"@id":"https:\/\/www.loftfx.de\/en\/product-configurator\/#local-main-organization-logo"},"image":{"@id":"https:\/\/www.loftfx.de\/en\/product-configurator\/#local-main-organization-logo"},"sameAs":["https:\/\/www.facebook.com\/p\/Loftfx-100063861227084\/","https:\/\/www.instagram.com\/loftfx\/?hl=de","https:\/\/de.pinterest.com\/mrloftfx\/","https:\/\/www.youtube.com\/channel\/UCWMutfP4xUCvusbnaMsSB7g"],"description":"Loft FX GmbH ist Ihr Experte f\u00fcr exklusive Loftt\u00fcren, Glast\u00fcren und Raumteiler aus Stahl und Glas. Unsere Kollektion Prestige 2.0 vereint minimalistisches Design mit h\u00f6chster Funktionalit\u00e4t \u2013 gefertigt aus feinen Stahlrahmen und Sicherheitsglas. Jede Loftt\u00fcr wird individuell nach Ma\u00df entworfen und produziert \u2013 als Dreht\u00fcr, Schiebet\u00fcr oder Pivot-T\u00fcr. Ob im Wohnzimmer, B\u00fcro oder Loft \u2013 unsere ma\u00dfgefertigten Stahlt\u00fcren schaffen mehr Licht, Struktur und Raumgef\u00fchl. Mit pr\u00e4ziser Handwerkskunst und eleganter \u00c4sthetik steht Loft FX f\u00fcr zeitlose Qualit\u00e4t \u201eMade in Germany\u201c. Ihr Stil. Ihre Ma\u00dfe. Ihre LoftFX T\u00fcr","legalName":"LOFT FX GmbH","numberOfEmployees":{"@type":"QuantitativeValue","minValue":"11","maxValue":"50"},"telephone":[],"openingHoursSpecification":[{"@type":"OpeningHoursSpecification","dayOfWeek":["Monday","Tuesday","Wednesday","Thursday","Friday","Saturday","Sunday"],"opens":"09:00","closes":"17:00"}]},{"@type":"ImageObject","inLanguage":"en-US","@id":"https:\/\/www.loftfx.de\/en\/product-configurator\/#local-main-organization-logo","url":"https:\/\/www.loftfx.de\/wp-content\/uploads\/2025\/07\/cropped-LoftFX_Logotype_Black_RGB-1.png","contentUrl":"https:\/\/www.loftfx.de\/wp-content\/uploads\/2025\/07\/cropped-LoftFX_Logotype_Black_RGB-1.png","width":1621,"height":656,"caption":"LOFT FX GmbH"}]}},"_links":{"self":[{"href":"https:\/\/www.loftfx.de\/en\/wp-json\/wp\/v2\/pages\/11886","targetHints":{"allow":["GET"]}}],"collection":[{"href":"https:\/\/www.loftfx.de\/en\/wp-json\/wp\/v2\/pages"}],"about":[{"href":"https:\/\/www.loftfx.de\/en\/wp-json\/wp\/v2\/types\/page"}],"author":[{"embeddable":true,"href":"https:\/\/www.loftfx.de\/en\/wp-json\/wp\/v2\/users\/2"}],"replies":[{"embeddable":true,"href":"https:\/\/www.loftfx.de\/en\/wp-json\/wp\/v2\/comments?post=11886"}],"version-history":[{"count":2,"href":"https:\/\/www.loftfx.de\/en\/wp-json\/wp\/v2\/pages\/11886\/revisions"}],"predecessor-version":[{"id":14698,"href":"https:\/\/www.loftfx.de\/en\/wp-json\/wp\/v2\/pages\/11886\/revisions\/14698"}],"wp:attachment":[{"href":"https:\/\/www.loftfx.de\/en\/wp-json\/wp\/v2\/media?parent=11886"}],"curies":[{"name":"wp","href":"https:\/\/api.w.org\/{rel}","templated":true}]}}