{"id":11855,"date":"2025-05-24T15:05:04","date_gmt":"2025-05-24T15:05:04","guid":{"rendered":"https:\/\/loftfx.de\/table-of-contents\/"},"modified":"2025-09-29T20:16:12","modified_gmt":"2025-09-29T20:16:12","slug":"table-of-contents","status":"publish","type":"page","link":"https:\/\/www.loftfx.de\/en\/table-of-contents\/","title":{"rendered":"Table of contents"},"content":{"rendered":"\t\t<div data-elementor-type=\"wp-page\" data-elementor-id=\"11855\" class=\"elementor elementor-11855 elementor-8079\" data-elementor-post-type=\"page\">\n\t\t\t\t<div class=\"elementor-element elementor-element-3420562 e-con-full e-flex e-con e-parent\" data-id=\"3420562\" data-element_type=\"container\" data-e-type=\"container\" data-settings=\"{&quot;enable_glow_container&quot;:&quot;no&quot;}\">\n\t\t\t\t<div class=\"elementor-element elementor-element-bcf9fd2 elementor-widget elementor-widget-heading\" data-id=\"bcf9fd2\" data-element_type=\"widget\" data-e-type=\"widget\" data-settings=\"{&quot;custom-text-animation&quot;:&quot;type3&quot;,&quot;disable_animation_on_mobile&quot;:&quot;no&quot;}\" data-widget_type=\"heading.default\">\n\t\t\t\t<div class=\"elementor-widget-container\">\n\t\t\t\t\t<div data-animation-type=\"type3\" ><h2 class=\"elementor-heading-title elementor-size-default\">Table of contents<\/h2><\/div>\t\t\t\t<\/div>\n\t\t\t\t<\/div>\n\t\t<div class=\"elementor-element elementor-element-6c1d39c e-con-full e-flex e-con e-child\" data-id=\"6c1d39c\" data-element_type=\"container\" data-e-type=\"container\" data-settings=\"{&quot;enable_glow_container&quot;:&quot;no&quot;}\">\n\t\t\t\t<div class=\"elementor-element elementor-element-8547eea elementor-grid-1 elementor-grid-tablet-1 elementor-grid-mobile-1 elementor-widget elementor-widget-loop-grid\" data-id=\"8547eea\" data-element_type=\"widget\" data-e-type=\"widget\" data-settings=\"{&quot;template_id&quot;:11966,&quot;columns&quot;:1,&quot;columns_tablet&quot;:1,&quot;pagination_type&quot;:&quot;numbers&quot;,&quot;_skin&quot;:&quot;post&quot;,&quot;columns_mobile&quot;:&quot;1&quot;,&quot;edit_handle_selector&quot;:&quot;[data-elementor-type=\\&quot;loop-item\\&quot;]&quot;,&quot;pagination_load_type&quot;:&quot;page_reload&quot;,&quot;row_gap&quot;:{&quot;unit&quot;:&quot;px&quot;,&quot;size&quot;:&quot;&quot;,&quot;sizes&quot;:[]},&quot;row_gap_tablet&quot;:{&quot;unit&quot;:&quot;px&quot;,&quot;size&quot;:&quot;&quot;,&quot;sizes&quot;:[]},&quot;row_gap_mobile&quot;:{&quot;unit&quot;:&quot;px&quot;,&quot;size&quot;:&quot;&quot;,&quot;sizes&quot;:[]}}\" data-widget_type=\"loop-grid.post\">\n\t\t\t\t<div class=\"elementor-widget-container\">\n\t\t\t\t\t\t\t<div class=\"elementor-loop-container elementor-grid\" role=\"list\">\n\t\t<style id=\"loop-11966\">.elementor-11966 .elementor-element.elementor-element-82d82f2{--display:flex;--flex-direction:row;--container-widget-width:calc( ( 1 - var( --container-widget-flex-grow ) ) * 100% );--container-widget-height:100%;--container-widget-flex-grow:1;--container-widget-align-self:stretch;--flex-wrap-mobile:wrap;--align-items:center;--gap:5vw 5vw;--row-gap:5vw;--column-gap:5vw;border-style:solid;--border-style:solid;border-width:2px 0px 0px 0px;--border-top-width:2px;--border-right-width:0px;--border-bottom-width:0px;--border-left-width:0px;border-color:var( --e-global-color-accent );--border-color:var( --e-global-color-accent );--border-radius:1px 0px 0px 0px;--padding-top:2vw;--padding-bottom:2vw;--padding-left:2vw;--padding-right:2vw;}.elementor-11966 .elementor-element.elementor-element-82d82f2 [data-glow]{--border-light-opacity:1;}.elementor-11966 .elementor-element.elementor-element-82d82f2 .slick-list{overflow:hidden;}.elementor-11966 .elementor-element.elementor-element-82d82f2 .slick-slide{margin:0rem 1rem 2rem 1rem;}.elementor-11966 .elementor-element.elementor-element-82d82f2 .slick-track{margin:0 -1rem 0 -1rem;}.elementor-11966 .elementor-element.elementor-element-82d82f2 .slick-prev i{font-size:20px;color:#000000 !important;opacity:0.7;}.elementor-11966 .elementor-element.elementor-element-82d82f2 .slick-next i{font-size:20px;color:#000000 !important;opacity:0.7;}.elementor-11966 .elementor-element.elementor-element-82d82f2 .slick-prev img{width:20px;opacity:0.7;}.elementor-11966 .elementor-element.elementor-element-82d82f2 .slick-next img{width:20px;opacity:0.7;}.elementor-11966 .elementor-element.elementor-element-82d82f2 .owocni-slick-slider[data-show-arrows=\"yes\"] .slick-list{margin:0 calc(20px * 2 + 10px);}.elementor-11966 .elementor-element.elementor-element-82d82f2 .slick-next:hover i{color:#000000 !important;opacity:1;}.elementor-11966 .elementor-element.elementor-element-82d82f2 .slick-prev:hover i{color:#000000 !important;opacity:1;}.elementor-11966 .elementor-element.elementor-element-82d82f2 .slick-next:hover img{opacity:1;}.elementor-11966 .elementor-element.elementor-element-82d82f2 .slick-prev:hover img{opacity:1;}.elementor-11966 .elementor-element.elementor-element-82d82f2 .slick-dots li button::before{font-size:10px;line-height:calc(10px * 1.4);}.elementor-11966 .elementor-element.elementor-element-82d82f2 .slick-dots li{width:calc(10px * 1.4);height:calc(10px * 1.4);border-radius:999px;background-color:#E5E5E7;}.elementor-11966 .elementor-element.elementor-element-82d82f2 .slick-dots li:hover{background-color:#bababa;}.elementor-11966 .elementor-element.elementor-element-82d82f2 .slick-dots li.slick-active{background-color:#bababa;}.elementor-11966 .elementor-element.elementor-element-85e6beb img{width:20vw;}.elementor-11966 .elementor-element.elementor-element-be1c957{--display:flex;}.elementor-11966 .elementor-element.elementor-element-be1c957 [data-glow]{--border-light-opacity:1;}.elementor-11966 .elementor-element.elementor-element-be1c957 .slick-list{overflow:hidden;}.elementor-11966 .elementor-element.elementor-element-be1c957 .slick-slide{margin:0rem 1rem 2rem 1rem;}.elementor-11966 .elementor-element.elementor-element-be1c957 .slick-track{margin:0 -1rem 0 -1rem;}.elementor-11966 .elementor-element.elementor-element-be1c957 .slick-prev i{font-size:20px;color:#000000 !important;opacity:0.7;}.elementor-11966 .elementor-element.elementor-element-be1c957 .slick-next i{font-size:20px;color:#000000 !important;opacity:0.7;}.elementor-11966 .elementor-element.elementor-element-be1c957 .slick-prev img{width:20px;opacity:0.7;}.elementor-11966 .elementor-element.elementor-element-be1c957 .slick-next img{width:20px;opacity:0.7;}.elementor-11966 .elementor-element.elementor-element-be1c957 .owocni-slick-slider[data-show-arrows=\"yes\"] .slick-list{margin:0 calc(20px * 2 + 10px);}.elementor-11966 .elementor-element.elementor-element-be1c957 .slick-next:hover i{color:#000000 !important;opacity:1;}.elementor-11966 .elementor-element.elementor-element-be1c957 .slick-prev:hover i{color:#000000 !important;opacity:1;}.elementor-11966 .elementor-element.elementor-element-be1c957 .slick-next:hover img{opacity:1;}.elementor-11966 .elementor-element.elementor-element-be1c957 .slick-prev:hover img{opacity:1;}.elementor-11966 .elementor-element.elementor-element-be1c957 .slick-dots li button::before{font-size:10px;line-height:calc(10px * 1.4);}.elementor-11966 .elementor-element.elementor-element-be1c957 .slick-dots li{width:calc(10px * 1.4);height:calc(10px * 1.4);border-radius:999px;background-color:#E5E5E7;}.elementor-11966 .elementor-element.elementor-element-be1c957 .slick-dots li:hover{background-color:#bababa;}.elementor-11966 .elementor-element.elementor-element-be1c957 .slick-dots li.slick-active{background-color:#bababa;}.elementor-11966 .elementor-element.elementor-element-27a03c3 .elementor-heading-title{font-family:var( --e-global-typography-secondary-font-family ), Sans-serif;font-size:var( --e-global-typography-secondary-font-size );font-weight:var( --e-global-typography-secondary-font-weight );line-height:var( --e-global-typography-secondary-line-height );color:var( --e-global-color-primary );}.elementor-11966 .elementor-element.elementor-element-869a483 .elementor-widget-container{font-family:var( --e-global-typography-text-font-family ), Sans-serif;font-size:var( --e-global-typography-text-font-size );font-weight:var( --e-global-typography-text-font-weight );line-height:var( --e-global-typography-text-line-height );color:var( --e-global-color-secondary );}@media(min-width:768px){.elementor-11966 .elementor-element.elementor-element-be1c957{--width:70%;}}@media(max-width:1024px){.elementor-11966 .elementor-element.elementor-element-27a03c3 .elementor-heading-title{font-size:var( --e-global-typography-secondary-font-size );line-height:var( --e-global-typography-secondary-line-height );}.elementor-11966 .elementor-element.elementor-element-869a483 .elementor-widget-container{font-size:var( --e-global-typography-text-font-size );line-height:var( --e-global-typography-text-line-height );}}@media(max-width:767px){.elementor-11966 .elementor-element.elementor-element-27a03c3 .elementor-heading-title{font-size:var( --e-global-typography-secondary-font-size );line-height:var( --e-global-typography-secondary-line-height );}.elementor-11966 .elementor-element.elementor-element-869a483 .elementor-widget-container{font-size:var( --e-global-typography-text-font-size );line-height:var( --e-global-typography-text-line-height );}}<\/style>\t\t<div data-elementor-type=\"loop-item\" data-elementor-id=\"11966\" class=\"elementor elementor-11966 elementor-2380 e-loop-item e-loop-item-11851 post-11851 post type-post status-publish format-standard has-post-thumbnail hentry category-bez-kategorii\" data-elementor-post-type=\"elementor_library\" data-custom-edit-handle=\"1\">\n\t\t\t<a class=\"elementor-element elementor-element-82d82f2 e-con-full e-flex e-con e-parent\" data-id=\"82d82f2\" data-element_type=\"container\" data-e-type=\"container\" data-settings=\"{&quot;enable_glow_container&quot;:&quot;no&quot;}\" href=\"https:\/\/www.loftfx.de\/en\/how-to-measure-the-door-opening-precise-measurement-as-easy-as-abc\/\">\n\t\t\t\t<div class=\"elementor-element elementor-element-85e6beb elementor-widget elementor-widget-image\" data-id=\"85e6beb\" data-element_type=\"widget\" data-e-type=\"widget\" data-widget_type=\"image.default\">\n\t\t\t\t<div class=\"elementor-widget-container\">\n\t\t\t\t\t\t\t\t\t\t\t\t\t\t\t<img fetchpriority=\"high\" decoding=\"async\" width=\"800\" height=\"363\" src=\"https:\/\/www.loftfx.de\/wp-content\/uploads\/2025\/06\/Pomiar-1024x465.jpg\" class=\"attachment-large size-large wp-image-11787\" alt=\"Aufma\u00df einer Loftt\u00fcr mit Laserger\u00e4t an einer T\u00fcr\u00f6ffnung\" srcset=\"https:\/\/www.loftfx.de\/wp-content\/uploads\/2025\/06\/Pomiar-1024x465.jpg 1024w, https:\/\/www.loftfx.de\/wp-content\/uploads\/2025\/06\/Pomiar-300x136.jpg 300w, https:\/\/www.loftfx.de\/wp-content\/uploads\/2025\/06\/Pomiar-768x349.jpg 768w, https:\/\/www.loftfx.de\/wp-content\/uploads\/2025\/06\/Pomiar-1536x698.jpg 1536w, https:\/\/www.loftfx.de\/wp-content\/uploads\/2025\/06\/Pomiar-2048x931.jpg 2048w\" sizes=\"(max-width: 800px) 100vw, 800px\" \/>\t\t\t\t\t\t\t\t\t\t\t\t\t\t\t<\/div>\n\t\t\t\t<\/div>\n\t\t<div class=\"elementor-element elementor-element-be1c957 e-con-full e-flex e-con e-child\" data-id=\"be1c957\" data-element_type=\"container\" data-e-type=\"container\" data-settings=\"{&quot;enable_glow_container&quot;:&quot;no&quot;}\">\n\t\t\t\t<div class=\"elementor-element elementor-element-27a03c3 elementor-widget elementor-widget-heading\" data-id=\"27a03c3\" data-element_type=\"widget\" data-e-type=\"widget\" data-widget_type=\"heading.default\">\n\t\t\t\t<div class=\"elementor-widget-container\">\n\t\t\t\t\t<h2 class=\"elementor-heading-title elementor-size-default\">How to measure the door opening?  <br>Precise measurement as easy as ABC.<\/h2>\t\t\t\t<\/div>\n\t\t\t\t<\/div>\n\t\t\t\t<div class=\"elementor-element elementor-element-869a483 elementor-widget elementor-widget-theme-post-excerpt\" data-id=\"869a483\" data-element_type=\"widget\" data-e-type=\"widget\" data-widget_type=\"theme-post-excerpt.default\">\n\t\t\t\t<div class=\"elementor-widget-container\">\n\t\t\t\t\tExplore our ready-to-use measurement protocol or order<b> a free measurement BOX.<\/b><br>Where you'll find everything you need for an accurate measurement<b>.<\/b> \t\t\t\t<\/div>\n\t\t\t\t<\/div>\n\t\t\t\t<\/div>\n\t\t\t\t<\/a>\n\t\t\t\t<\/div>\n\t\t\t\t<div data-elementor-type=\"loop-item\" data-elementor-id=\"11966\" class=\"elementor elementor-11966 elementor-2380 e-loop-item e-loop-item-11879 post-11879 post type-post status-publish format-standard has-post-thumbnail hentry category-drzwi-uchylne\" data-elementor-post-type=\"elementor_library\" data-custom-edit-handle=\"1\">\n\t\t\t<a class=\"elementor-element elementor-element-82d82f2 e-con-full e-flex e-con e-parent\" data-id=\"82d82f2\" data-element_type=\"container\" data-e-type=\"container\" data-settings=\"{&quot;enable_glow_container&quot;:&quot;no&quot;}\" href=\"https:\/\/www.loftfx.de\/en\/loft-doors-a-buyers-guide\/\">\n\t\t\t\t<div class=\"elementor-element elementor-element-85e6beb elementor-widget elementor-widget-image\" data-id=\"85e6beb\" data-element_type=\"widget\" data-e-type=\"widget\" data-widget_type=\"image.default\">\n\t\t\t\t<div class=\"elementor-widget-container\">\n\t\t\t\t\t\t\t\t\t\t\t\t\t\t\t<img decoding=\"async\" width=\"800\" height=\"723\" src=\"https:\/\/www.loftfx.de\/wp-content\/uploads\/2023\/11\/Tlo-Blog-1024x926.jpg\" class=\"attachment-large size-large wp-image-11483\" alt=\"\" srcset=\"https:\/\/www.loftfx.de\/wp-content\/uploads\/2023\/11\/Tlo-Blog-1024x926.jpg 1024w, https:\/\/www.loftfx.de\/wp-content\/uploads\/2023\/11\/Tlo-Blog-300x271.jpg 300w, https:\/\/www.loftfx.de\/wp-content\/uploads\/2023\/11\/Tlo-Blog-768x694.jpg 768w, https:\/\/www.loftfx.de\/wp-content\/uploads\/2023\/11\/Tlo-Blog.jpg 1500w\" sizes=\"(max-width: 800px) 100vw, 800px\" \/>\t\t\t\t\t\t\t\t\t\t\t\t\t\t\t<\/div>\n\t\t\t\t<\/div>\n\t\t<div class=\"elementor-element elementor-element-be1c957 e-con-full e-flex e-con e-child\" data-id=\"be1c957\" data-element_type=\"container\" data-e-type=\"container\" data-settings=\"{&quot;enable_glow_container&quot;:&quot;no&quot;}\">\n\t\t\t\t<div class=\"elementor-element elementor-element-27a03c3 elementor-widget elementor-widget-heading\" data-id=\"27a03c3\" data-element_type=\"widget\" data-e-type=\"widget\" data-widget_type=\"heading.default\">\n\t\t\t\t<div class=\"elementor-widget-container\">\n\t\t\t\t\t<h2 class=\"elementor-heading-title elementor-size-default\"><b>Loft Doors:<\/b><br> A Buyer&#8217;s Guide.<\/h2>\t\t\t\t<\/div>\n\t\t\t\t<\/div>\n\t\t\t\t<div class=\"elementor-element elementor-element-869a483 elementor-widget elementor-widget-theme-post-excerpt\" data-id=\"869a483\" data-element_type=\"widget\" data-e-type=\"widget\" data-widget_type=\"theme-post-excerpt.default\">\n\t\t\t\t<div class=\"elementor-widget-container\">\n\t\t\t\t\t<b>Avoid costly mistakes.  <\/b>  Here are the key aspects of industrial door quality, from materials to workmanship details.  \t\t\t\t<\/div>\n\t\t\t\t<\/div>\n\t\t\t\t<\/div>\n\t\t\t\t<\/a>\n\t\t\t\t<\/div>\n\t\t\t\t<\/div>\n\t\t\n\t\t\t\t\t\t<\/div>\n\t\t\t\t<\/div>\n\t\t\t\t<\/div>\n\t\t\t\t<\/div>\n\t\t\t\t<\/div>\n\t\t","protected":false},"excerpt":{"rendered":"<p>Table of contents<\/p>\n","protected":false},"author":2,"featured_media":0,"parent":0,"menu_order":0,"comment_status":"closed","ping_status":"closed","template":"","meta":{"footnotes":""},"class_list":["post-11855","page","type-page","status-publish","hentry"],"yoast_head":"<!-- This site is optimized with the Yoast SEO Premium plugin v27.0 (Yoast SEO v27.4) - https:\/\/yoast.com\/product\/yoast-seo-premium-wordpress\/ -->\n<title>Table of Contents - LoftFX<\/title>\n<meta name=\"description\" content=\"Quick access to all pages: Products, Services, Legal Information, and Contact \u2013 the LoftFX table of contents.\" \/>\n<meta name=\"robots\" content=\"index, follow, max-snippet:-1, max-image-preview:large, max-video-preview:-1\" \/>\n<link rel=\"canonical\" href=\"https:\/\/www.loftfx.de\/en\/table-of-contents\/\" \/>\n<meta property=\"og:locale\" content=\"en_US\" \/>\n<meta property=\"og:type\" content=\"article\" \/>\n<meta property=\"og:title\" content=\"Table of contents\" \/>\n<meta property=\"og:description\" content=\"Quick access to all pages: Products, Services, Legal Information, and Contact \u2013 the LoftFX table of contents.\" \/>\n<meta property=\"og:url\" content=\"https:\/\/www.loftfx.de\/en\/table-of-contents\/\" \/>\n<meta property=\"og:site_name\" content=\"LoftFX\" \/>\n<meta property=\"article:publisher\" content=\"https:\/\/www.facebook.com\/p\/Loftfx-100063861227084\/\" \/>\n<meta property=\"article:modified_time\" content=\"2025-09-29T20:16:12+00:00\" \/>\n<meta name=\"twitter:card\" content=\"summary_large_image\" \/>\n<meta name=\"twitter:label1\" content=\"Est. reading time\" \/>\n\t<meta name=\"twitter:data1\" content=\"1 minute\" \/>\n<script type=\"application\/ld+json\" class=\"yoast-schema-graph\">{\"@context\":\"https:\\\/\\\/schema.org\",\"@graph\":[{\"@type\":\"WebPage\",\"@id\":\"https:\\\/\\\/www.loftfx.de\\\/en\\\/table-of-contents\\\/\",\"url\":\"https:\\\/\\\/www.loftfx.de\\\/en\\\/table-of-contents\\\/\",\"name\":\"Table of Contents - LoftFX\",\"isPartOf\":{\"@id\":\"https:\\\/\\\/www.loftfx.de\\\/en\\\/#website\"},\"datePublished\":\"2025-05-24T15:05:04+00:00\",\"dateModified\":\"2025-09-29T20:16:12+00:00\",\"description\":\"Quick access to all pages: Products, Services, Legal Information, and Contact \u2013 the LoftFX table of contents.\",\"breadcrumb\":{\"@id\":\"https:\\\/\\\/www.loftfx.de\\\/en\\\/table-of-contents\\\/#breadcrumb\"},\"inLanguage\":\"en-US\",\"potentialAction\":[{\"@type\":\"ReadAction\",\"target\":[\"https:\\\/\\\/www.loftfx.de\\\/en\\\/table-of-contents\\\/\"]}]},{\"@type\":\"BreadcrumbList\",\"@id\":\"https:\\\/\\\/www.loftfx.de\\\/en\\\/table-of-contents\\\/#breadcrumb\",\"itemListElement\":[{\"@type\":\"ListItem\",\"position\":1,\"name\":\"Startseite\",\"item\":\"https:\\\/\\\/www.loftfx.de\\\/en\\\/\"},{\"@type\":\"ListItem\",\"position\":2,\"name\":\"Table of contents\"}]},{\"@type\":\"WebSite\",\"@id\":\"https:\\\/\\\/www.loftfx.de\\\/en\\\/#website\",\"url\":\"https:\\\/\\\/www.loftfx.de\\\/en\\\/\",\"name\":\"LoftFX\",\"description\":\"\",\"publisher\":{\"@id\":\"https:\\\/\\\/www.loftfx.de\\\/en\\\/#organization\"},\"potentialAction\":[{\"@type\":\"SearchAction\",\"target\":{\"@type\":\"EntryPoint\",\"urlTemplate\":\"https:\\\/\\\/www.loftfx.de\\\/en\\\/?s={search_term_string}\"},\"query-input\":{\"@type\":\"PropertyValueSpecification\",\"valueRequired\":true,\"valueName\":\"search_term_string\"}}],\"inLanguage\":\"en-US\"},{\"@type\":[\"Organization\",\"Place\"],\"@id\":\"https:\\\/\\\/www.loftfx.de\\\/en\\\/#organization\",\"name\":\"LOFT FX GmbH\",\"alternateName\":\"LOFT FX GmbH\",\"url\":\"https:\\\/\\\/www.loftfx.de\\\/en\\\/\",\"logo\":{\"@id\":\"https:\\\/\\\/www.loftfx.de\\\/en\\\/table-of-contents\\\/#local-main-organization-logo\"},\"image\":{\"@id\":\"https:\\\/\\\/www.loftfx.de\\\/en\\\/table-of-contents\\\/#local-main-organization-logo\"},\"sameAs\":[\"https:\\\/\\\/www.facebook.com\\\/p\\\/Loftfx-100063861227084\\\/\",\"https:\\\/\\\/www.instagram.com\\\/loftfx\\\/?hl=de\",\"https:\\\/\\\/de.pinterest.com\\\/mrloftfx\\\/\",\"https:\\\/\\\/www.youtube.com\\\/channel\\\/UCWMutfP4xUCvusbnaMsSB7g\"],\"description\":\"Loft FX GmbH ist Ihr Experte f\u00fcr exklusive Loftt\u00fcren, Glast\u00fcren und Raumteiler aus Stahl und Glas. Unsere Kollektion Prestige 2.0 vereint minimalistisches Design mit h\u00f6chster Funktionalit\u00e4t \u2013 gefertigt aus feinen Stahlrahmen und Sicherheitsglas. Jede Loftt\u00fcr wird individuell nach Ma\u00df entworfen und produziert \u2013 als Dreht\u00fcr, Schiebet\u00fcr oder Pivot-T\u00fcr. Ob im Wohnzimmer, B\u00fcro oder Loft \u2013 unsere ma\u00dfgefertigten Stahlt\u00fcren schaffen mehr Licht, Struktur und Raumgef\u00fchl. Mit pr\u00e4ziser Handwerkskunst und eleganter \u00c4sthetik steht Loft FX f\u00fcr zeitlose Qualit\u00e4t \u201eMade in Germany\u201c. Ihr Stil. Ihre Ma\u00dfe. Ihre LoftFX T\u00fcr\",\"legalName\":\"LOFT FX GmbH\",\"numberOfEmployees\":{\"@type\":\"QuantitativeValue\",\"minValue\":\"11\",\"maxValue\":\"50\"},\"telephone\":[],\"openingHoursSpecification\":[{\"@type\":\"OpeningHoursSpecification\",\"dayOfWeek\":[\"Monday\",\"Tuesday\",\"Wednesday\",\"Thursday\",\"Friday\",\"Saturday\",\"Sunday\"],\"opens\":\"09:00\",\"closes\":\"17:00\"}]},{\"@type\":\"ImageObject\",\"inLanguage\":\"en-US\",\"@id\":\"https:\\\/\\\/www.loftfx.de\\\/en\\\/table-of-contents\\\/#local-main-organization-logo\",\"url\":\"https:\\\/\\\/www.loftfx.de\\\/wp-content\\\/uploads\\\/2025\\\/07\\\/cropped-LoftFX_Logotype_Black_RGB-1.png\",\"contentUrl\":\"https:\\\/\\\/www.loftfx.de\\\/wp-content\\\/uploads\\\/2025\\\/07\\\/cropped-LoftFX_Logotype_Black_RGB-1.png\",\"width\":1621,\"height\":656,\"caption\":\"LOFT FX GmbH\"}]}<\/script>\n<!-- \/ Yoast SEO Premium plugin. -->","yoast_head_json":{"title":"Table of Contents - LoftFX","description":"Quick access to all pages: Products, Services, Legal Information, and Contact \u2013 the LoftFX table of contents.","robots":{"index":"index","follow":"follow","max-snippet":"max-snippet:-1","max-image-preview":"max-image-preview:large","max-video-preview":"max-video-preview:-1"},"canonical":"https:\/\/www.loftfx.de\/en\/table-of-contents\/","og_locale":"en_US","og_type":"article","og_title":"Table of contents","og_description":"Quick access to all pages: Products, Services, Legal Information, and Contact \u2013 the LoftFX table of contents.","og_url":"https:\/\/www.loftfx.de\/en\/table-of-contents\/","og_site_name":"LoftFX","article_publisher":"https:\/\/www.facebook.com\/p\/Loftfx-100063861227084\/","article_modified_time":"2025-09-29T20:16:12+00:00","twitter_card":"summary_large_image","twitter_misc":{"Est. reading time":"1 minute"},"schema":{"@context":"https:\/\/schema.org","@graph":[{"@type":"WebPage","@id":"https:\/\/www.loftfx.de\/en\/table-of-contents\/","url":"https:\/\/www.loftfx.de\/en\/table-of-contents\/","name":"Table of Contents - LoftFX","isPartOf":{"@id":"https:\/\/www.loftfx.de\/en\/#website"},"datePublished":"2025-05-24T15:05:04+00:00","dateModified":"2025-09-29T20:16:12+00:00","description":"Quick access to all pages: Products, Services, Legal Information, and Contact \u2013 the LoftFX table of contents.","breadcrumb":{"@id":"https:\/\/www.loftfx.de\/en\/table-of-contents\/#breadcrumb"},"inLanguage":"en-US","potentialAction":[{"@type":"ReadAction","target":["https:\/\/www.loftfx.de\/en\/table-of-contents\/"]}]},{"@type":"BreadcrumbList","@id":"https:\/\/www.loftfx.de\/en\/table-of-contents\/#breadcrumb","itemListElement":[{"@type":"ListItem","position":1,"name":"Startseite","item":"https:\/\/www.loftfx.de\/en\/"},{"@type":"ListItem","position":2,"name":"Table of contents"}]},{"@type":"WebSite","@id":"https:\/\/www.loftfx.de\/en\/#website","url":"https:\/\/www.loftfx.de\/en\/","name":"LoftFX","description":"","publisher":{"@id":"https:\/\/www.loftfx.de\/en\/#organization"},"potentialAction":[{"@type":"SearchAction","target":{"@type":"EntryPoint","urlTemplate":"https:\/\/www.loftfx.de\/en\/?s={search_term_string}"},"query-input":{"@type":"PropertyValueSpecification","valueRequired":true,"valueName":"search_term_string"}}],"inLanguage":"en-US"},{"@type":["Organization","Place"],"@id":"https:\/\/www.loftfx.de\/en\/#organization","name":"LOFT FX GmbH","alternateName":"LOFT FX GmbH","url":"https:\/\/www.loftfx.de\/en\/","logo":{"@id":"https:\/\/www.loftfx.de\/en\/table-of-contents\/#local-main-organization-logo"},"image":{"@id":"https:\/\/www.loftfx.de\/en\/table-of-contents\/#local-main-organization-logo"},"sameAs":["https:\/\/www.facebook.com\/p\/Loftfx-100063861227084\/","https:\/\/www.instagram.com\/loftfx\/?hl=de","https:\/\/de.pinterest.com\/mrloftfx\/","https:\/\/www.youtube.com\/channel\/UCWMutfP4xUCvusbnaMsSB7g"],"description":"Loft FX GmbH ist Ihr Experte f\u00fcr exklusive Loftt\u00fcren, Glast\u00fcren und Raumteiler aus Stahl und Glas. Unsere Kollektion Prestige 2.0 vereint minimalistisches Design mit h\u00f6chster Funktionalit\u00e4t \u2013 gefertigt aus feinen Stahlrahmen und Sicherheitsglas. Jede Loftt\u00fcr wird individuell nach Ma\u00df entworfen und produziert \u2013 als Dreht\u00fcr, Schiebet\u00fcr oder Pivot-T\u00fcr. Ob im Wohnzimmer, B\u00fcro oder Loft \u2013 unsere ma\u00dfgefertigten Stahlt\u00fcren schaffen mehr Licht, Struktur und Raumgef\u00fchl. Mit pr\u00e4ziser Handwerkskunst und eleganter \u00c4sthetik steht Loft FX f\u00fcr zeitlose Qualit\u00e4t \u201eMade in Germany\u201c. Ihr Stil. Ihre Ma\u00dfe. Ihre LoftFX T\u00fcr","legalName":"LOFT FX GmbH","numberOfEmployees":{"@type":"QuantitativeValue","minValue":"11","maxValue":"50"},"telephone":[],"openingHoursSpecification":[{"@type":"OpeningHoursSpecification","dayOfWeek":["Monday","Tuesday","Wednesday","Thursday","Friday","Saturday","Sunday"],"opens":"09:00","closes":"17:00"}]},{"@type":"ImageObject","inLanguage":"en-US","@id":"https:\/\/www.loftfx.de\/en\/table-of-contents\/#local-main-organization-logo","url":"https:\/\/www.loftfx.de\/wp-content\/uploads\/2025\/07\/cropped-LoftFX_Logotype_Black_RGB-1.png","contentUrl":"https:\/\/www.loftfx.de\/wp-content\/uploads\/2025\/07\/cropped-LoftFX_Logotype_Black_RGB-1.png","width":1621,"height":656,"caption":"LOFT FX GmbH"}]}},"_links":{"self":[{"href":"https:\/\/www.loftfx.de\/en\/wp-json\/wp\/v2\/pages\/11855","targetHints":{"allow":["GET"]}}],"collection":[{"href":"https:\/\/www.loftfx.de\/en\/wp-json\/wp\/v2\/pages"}],"about":[{"href":"https:\/\/www.loftfx.de\/en\/wp-json\/wp\/v2\/types\/page"}],"author":[{"embeddable":true,"href":"https:\/\/www.loftfx.de\/en\/wp-json\/wp\/v2\/users\/2"}],"replies":[{"embeddable":true,"href":"https:\/\/www.loftfx.de\/en\/wp-json\/wp\/v2\/comments?post=11855"}],"version-history":[{"count":1,"href":"https:\/\/www.loftfx.de\/en\/wp-json\/wp\/v2\/pages\/11855\/revisions"}],"predecessor-version":[{"id":11856,"href":"https:\/\/www.loftfx.de\/en\/wp-json\/wp\/v2\/pages\/11855\/revisions\/11856"}],"wp:attachment":[{"href":"https:\/\/www.loftfx.de\/en\/wp-json\/wp\/v2\/media?parent=11855"}],"curies":[{"name":"wp","href":"https:\/\/api.w.org\/{rel}","templated":true}]}}